{"id":383,"date":"2022-10-27T23:58:26","date_gmt":"2022-10-27T20:58:26","guid":{"rendered":"https:\/\/alibilalbayrak.com\/?page_id=383"},"modified":"2022-10-28T00:09:59","modified_gmt":"2022-10-27T21:09:59","slug":"hesaplamalar","status":"publish","type":"page","link":"https:\/\/alibilalbayrak.com\/index.php\/hesaplamalar\/","title":{"rendered":"Hesaplamalar"},"content":{"rendered":"\n<p><strong>[online-bmr-calculator]<\/strong><\/p>\n\n\n\n<h3 class=\"wp-block-heading\">\n<!-- This file should primarily consist of HTML with a little bit of PHP. -->\n<div class=\"bmr-main-bg\">\n    <div class=\"bmr-card\">\n       <div class=\"bmr-top\">\n           <h2><a href=\"https:\/\/www.calculator.io\/bmr-calculator\/\" target=\"_blank\">Calculate BMR<\/a><\/h2>\n       <\/div>\n        <div class=\"bmr-fields \">\n            <input type=\"number\" id=\"bmr-height\" placeholder=\"Height in cm\" >\n        <\/div>\n\n        <div class=\"bmr-fields \">\n            <input type=\"number\" id=\"bmr-weight\" placeholder=\"Weight in kg\" >\n        <\/div>\n\n        <div class=\"bmr-fields \">\n            <input type=\"number\" id=\"bmr-age\" placeholder=\"Age\" >\n        <\/div>\n\n        <div class=\"bmr-fields \">\n            <span for=\"gender\" id=\"bmr-gender\">Gender:<\/span>\n            <span>Male<\/span>\n            <input type=\"radio\" id=\"bmr-male\" name=\"gender\" value=\"male\" checked>\n            <span>Female<\/span>\n            <input type=\"radio\" id=\"bmr-female\" name=\"gender\" value=\"female\">\n        <\/div>\n\n        <div class=\"bmr-fields \">\n            <input type=\"text\" id=\"bmr-value\" placeholder=\"Result...\" >\n        <\/div>\n\n        <div class=\"bmr-fields \">\n                <button type=\"submit\" id=\"\" class=\"btn-submit\" onclick=\"getbmrvalue()\">Calculate BMR<\/button>\n        <\/div>\n    <\/div>\n<\/div><\/h3>\n","protected":false},"excerpt":{"rendered":"<p>[online-bmr-calculator]<\/p>\n","protected":false},"author":1,"featured_media":0,"parent":0,"menu_order":0,"comment_status":"closed","ping_status":"closed","template":"","meta":{"footnotes":""},"class_list":["post-383","page","type-page","status-publish","hentry"],"yoast_head":"<!-- This site is optimized with the Yoast SEO plugin v22.8 - https:\/\/yoast.com\/wordpress\/plugins\/seo\/ -->\n<title>Hesaplamalar - Ali Bilal Bayrak<\/title>\n<meta name=\"robots\" content=\"index, follow, max-snippet:-1, max-image-preview:large, max-video-preview:-1\" \/>\n<link rel=\"canonical\" href=\"https:\/\/alibilalbayrak.com\/index.php\/hesaplamalar\/\" \/>\n<meta property=\"og:locale\" content=\"tr_TR\" \/>\n<meta property=\"og:type\" content=\"article\" \/>\n<meta property=\"og:title\" content=\"Hesaplamalar - Ali Bilal Bayrak\" \/>\n<meta property=\"og:description\" content=\"[online-bmr-calculator]\" \/>\n<meta property=\"og:url\" content=\"https:\/\/alibilalbayrak.com\/index.php\/hesaplamalar\/\" \/>\n<meta property=\"og:site_name\" content=\"Ali Bilal Bayrak\" \/>\n<meta property=\"article:modified_time\" content=\"2022-10-27T21:09:59+00:00\" \/>\n<meta name=\"twitter:card\" content=\"summary_large_image\" \/>\n<meta name=\"twitter:site\" content=\"@Bayrakalibilal\" \/>\n<meta name=\"twitter:label1\" content=\"Tahmini okuma s\u00fcresi\" \/>\n\t<meta name=\"twitter:data1\" content=\"1 dakika\" \/>\n<script type=\"application\/ld+json\" class=\"yoast-schema-graph\">{\"@context\":\"https:\/\/schema.org\",\"@graph\":[{\"@type\":\"WebPage\",\"@id\":\"https:\/\/alibilalbayrak.com\/index.php\/hesaplamalar\/\",\"url\":\"https:\/\/alibilalbayrak.com\/index.php\/hesaplamalar\/\",\"name\":\"Hesaplamalar - Ali Bilal Bayrak\",\"isPartOf\":{\"@id\":\"https:\/\/alibilalbayrak.com\/#website\"},\"datePublished\":\"2022-10-27T20:58:26+00:00\",\"dateModified\":\"2022-10-27T21:09:59+00:00\",\"breadcrumb\":{\"@id\":\"https:\/\/alibilalbayrak.com\/index.php\/hesaplamalar\/#breadcrumb\"},\"inLanguage\":\"tr\",\"potentialAction\":[{\"@type\":\"ReadAction\",\"target\":[\"https:\/\/alibilalbayrak.com\/index.php\/hesaplamalar\/\"]}]},{\"@type\":\"BreadcrumbList\",\"@id\":\"https:\/\/alibilalbayrak.com\/index.php\/hesaplamalar\/#breadcrumb\",\"itemListElement\":[{\"@type\":\"ListItem\",\"position\":1,\"name\":\"Anasayfa\",\"item\":\"https:\/\/alibilalbayrak.com\/\"},{\"@type\":\"ListItem\",\"position\":2,\"name\":\"Hesaplamalar\"}]},{\"@type\":\"WebSite\",\"@id\":\"https:\/\/alibilalbayrak.com\/#website\",\"url\":\"https:\/\/alibilalbayrak.com\/\",\"name\":\"Ali Bilal Bayrak\",\"description\":\"zat-\u0131 muhterem&#039;in kafas\u0131n\u0131n i\u00e7i\",\"publisher\":{\"@id\":\"https:\/\/alibilalbayrak.com\/#\/schema\/person\/20032d0a1480fccd04d97d33f3ce34fa\"},\"potentialAction\":[{\"@type\":\"SearchAction\",\"target\":{\"@type\":\"EntryPoint\",\"urlTemplate\":\"https:\/\/alibilalbayrak.com\/?s={search_term_string}\"},\"query-input\":\"required name=search_term_string\"}],\"inLanguage\":\"tr\"},{\"@type\":[\"Person\",\"Organization\"],\"@id\":\"https:\/\/alibilalbayrak.com\/#\/schema\/person\/20032d0a1480fccd04d97d33f3ce34fa\",\"name\":\"alibilalbayrak\",\"image\":{\"@type\":\"ImageObject\",\"inLanguage\":\"tr\",\"@id\":\"https:\/\/alibilalbayrak.com\/#\/schema\/person\/image\/\",\"url\":\"https:\/\/i0.wp.com\/alibilalbayrak.com\/wp-content\/uploads\/2022\/10\/ABB-1-1.png?fit=1080%2C1080&ssl=1\",\"contentUrl\":\"https:\/\/i0.wp.com\/alibilalbayrak.com\/wp-content\/uploads\/2022\/10\/ABB-1-1.png?fit=1080%2C1080&ssl=1\",\"width\":1080,\"height\":1080,\"caption\":\"alibilalbayrak\"},\"logo\":{\"@id\":\"https:\/\/alibilalbayrak.com\/#\/schema\/person\/image\/\"},\"description\":\"2019 y\u0131l\u0131nda istanbul kadik\u00f6y lisesinden mezun oldum. \u00dcsk\u00fcdar \u00fcniversitesinde perf\u00fczyon lisans b\u00f6l\u00fcm\u00fcne girerek e\u011fitim hayat\u0131ma devam ettim. Ayn\u0131 senenin sonunda \u00e7ap yapma hakk\u0131 kazanarak anestezi \u00f6nlisans e\u011fitimine ba\u015flad\u0131m. Ortaokul y\u0131llar\u0131ndan beri bili\u015fim sekt\u00f6r\u00fcnde \u00e7al\u0131\u015fmaya dair bir hevesim vard\u0131. Kendimi bamba\u015fka bir alanda uzmanla\u015f\u0131rken bulsam da, amat\u00f6r olarak ilgilenmeye devam ettim. \u00c7evrimi\u00e7i Photoshop ve web design e\u011fitimi ald\u0131m. Donan\u0131m cihazlar\u0131 hakk\u0131nda okuyup ara\u015ft\u0131rd\u0131m. Bunun haricinde ekonomi, insan davran\u0131\u015flar\u0131, antropoloji,psikoloji ve felsefe ile ilgileniyorum.\",\"sameAs\":[\"https:\/\/alibilalbayrak.com\",\"https:\/\/www.instagram.com\/bayrakalibilal\/\",\"https:\/\/www.linkedin.com\/in\/alibilalbayrak\/\",\"https:\/\/x.com\/https:\/\/twitter.com\/Bayrakalibilal\"]}]}<\/script>\n<!-- \/ Yoast SEO plugin. -->","yoast_head_json":{"title":"Hesaplamalar - Ali Bilal Bayrak","robots":{"index":"index","follow":"follow","max-snippet":"max-snippet:-1","max-image-preview":"max-image-preview:large","max-video-preview":"max-video-preview:-1"},"canonical":"https:\/\/alibilalbayrak.com\/index.php\/hesaplamalar\/","og_locale":"tr_TR","og_type":"article","og_title":"Hesaplamalar - Ali Bilal Bayrak","og_description":"[online-bmr-calculator]","og_url":"https:\/\/alibilalbayrak.com\/index.php\/hesaplamalar\/","og_site_name":"Ali Bilal Bayrak","article_modified_time":"2022-10-27T21:09:59+00:00","twitter_card":"summary_large_image","twitter_site":"@Bayrakalibilal","twitter_misc":{"Tahmini okuma s\u00fcresi":"1 dakika"},"schema":{"@context":"https:\/\/schema.org","@graph":[{"@type":"WebPage","@id":"https:\/\/alibilalbayrak.com\/index.php\/hesaplamalar\/","url":"https:\/\/alibilalbayrak.com\/index.php\/hesaplamalar\/","name":"Hesaplamalar - Ali Bilal Bayrak","isPartOf":{"@id":"https:\/\/alibilalbayrak.com\/#website"},"datePublished":"2022-10-27T20:58:26+00:00","dateModified":"2022-10-27T21:09:59+00:00","breadcrumb":{"@id":"https:\/\/alibilalbayrak.com\/index.php\/hesaplamalar\/#breadcrumb"},"inLanguage":"tr","potentialAction":[{"@type":"ReadAction","target":["https:\/\/alibilalbayrak.com\/index.php\/hesaplamalar\/"]}]},{"@type":"BreadcrumbList","@id":"https:\/\/alibilalbayrak.com\/index.php\/hesaplamalar\/#breadcrumb","itemListElement":[{"@type":"ListItem","position":1,"name":"Anasayfa","item":"https:\/\/alibilalbayrak.com\/"},{"@type":"ListItem","position":2,"name":"Hesaplamalar"}]},{"@type":"WebSite","@id":"https:\/\/alibilalbayrak.com\/#website","url":"https:\/\/alibilalbayrak.com\/","name":"Ali Bilal Bayrak","description":"zat-\u0131 muhterem&#039;in kafas\u0131n\u0131n i\u00e7i","publisher":{"@id":"https:\/\/alibilalbayrak.com\/#\/schema\/person\/20032d0a1480fccd04d97d33f3ce34fa"},"potentialAction":[{"@type":"SearchAction","target":{"@type":"EntryPoint","urlTemplate":"https:\/\/alibilalbayrak.com\/?s={search_term_string}"},"query-input":"required name=search_term_string"}],"inLanguage":"tr"},{"@type":["Person","Organization"],"@id":"https:\/\/alibilalbayrak.com\/#\/schema\/person\/20032d0a1480fccd04d97d33f3ce34fa","name":"alibilalbayrak","image":{"@type":"ImageObject","inLanguage":"tr","@id":"https:\/\/alibilalbayrak.com\/#\/schema\/person\/image\/","url":"https:\/\/i0.wp.com\/alibilalbayrak.com\/wp-content\/uploads\/2022\/10\/ABB-1-1.png?fit=1080%2C1080&ssl=1","contentUrl":"https:\/\/i0.wp.com\/alibilalbayrak.com\/wp-content\/uploads\/2022\/10\/ABB-1-1.png?fit=1080%2C1080&ssl=1","width":1080,"height":1080,"caption":"alibilalbayrak"},"logo":{"@id":"https:\/\/alibilalbayrak.com\/#\/schema\/person\/image\/"},"description":"2019 y\u0131l\u0131nda istanbul kadik\u00f6y lisesinden mezun oldum. \u00dcsk\u00fcdar \u00fcniversitesinde perf\u00fczyon lisans b\u00f6l\u00fcm\u00fcne girerek e\u011fitim hayat\u0131ma devam ettim. Ayn\u0131 senenin sonunda \u00e7ap yapma hakk\u0131 kazanarak anestezi \u00f6nlisans e\u011fitimine ba\u015flad\u0131m. Ortaokul y\u0131llar\u0131ndan beri bili\u015fim sekt\u00f6r\u00fcnde \u00e7al\u0131\u015fmaya dair bir hevesim vard\u0131. Kendimi bamba\u015fka bir alanda uzmanla\u015f\u0131rken bulsam da, amat\u00f6r olarak ilgilenmeye devam ettim. \u00c7evrimi\u00e7i Photoshop ve web design e\u011fitimi ald\u0131m. Donan\u0131m cihazlar\u0131 hakk\u0131nda okuyup ara\u015ft\u0131rd\u0131m. Bunun haricinde ekonomi, insan davran\u0131\u015flar\u0131, antropoloji,psikoloji ve felsefe ile ilgileniyorum.","sameAs":["https:\/\/alibilalbayrak.com","https:\/\/www.instagram.com\/bayrakalibilal\/","https:\/\/www.linkedin.com\/in\/alibilalbayrak\/","https:\/\/x.com\/https:\/\/twitter.com\/Bayrakalibilal"]}]}},"jetpack_sharing_enabled":true,"_links":{"self":[{"href":"https:\/\/alibilalbayrak.com\/index.php\/wp-json\/wp\/v2\/pages\/383","targetHints":{"allow":["GET"]}}],"collection":[{"href":"https:\/\/alibilalbayrak.com\/index.php\/wp-json\/wp\/v2\/pages"}],"about":[{"href":"https:\/\/alibilalbayrak.com\/index.php\/wp-json\/wp\/v2\/types\/page"}],"author":[{"embeddable":true,"href":"https:\/\/alibilalbayrak.com\/index.php\/wp-json\/wp\/v2\/users\/1"}],"replies":[{"embeddable":true,"href":"https:\/\/alibilalbayrak.com\/index.php\/wp-json\/wp\/v2\/comments?post=383"}],"version-history":[{"count":2,"href":"https:\/\/alibilalbayrak.com\/index.php\/wp-json\/wp\/v2\/pages\/383\/revisions"}],"predecessor-version":[{"id":386,"href":"https:\/\/alibilalbayrak.com\/index.php\/wp-json\/wp\/v2\/pages\/383\/revisions\/386"}],"wp:attachment":[{"href":"https:\/\/alibilalbayrak.com\/index.php\/wp-json\/wp\/v2\/media?parent=383"}],"curies":[{"name":"wp","href":"https:\/\/api.w.org\/{rel}","templated":true}]}}