{"id":375,"date":"2022-10-06T20:59:47","date_gmt":"2022-10-06T17:59:47","guid":{"rendered":"https:\/\/alibilalbayrak.com\/index.php\/user\/"},"modified":"2022-10-06T20:59:47","modified_gmt":"2022-10-06T17:59:47","slug":"user","status":"publish","type":"page","link":"https:\/\/alibilalbayrak.com\/index.php\/user\/","title":{"rendered":"User"},"content":{"rendered":"\n<div class=\"um um-profile um-373 um-role- \">\n\n\t<div class=\"um-form\" data-mode=\"profile\">\n\n\t\t\n\t\t<div class=\"um-cover \"\n\t\t\t data-user_id=\"0\" data-ratio=\"2.7:1\">\n\n\t\t\t\n\t\t\t<div class=\"um-dropdown\" data-element=\"div.um-cover\" data-position=\"bc\" data-trigger=\"click\">\n\t\t\t\t<div class=\"um-dropdown-b\">\n\t\t\t\t\t<div class=\"um-dropdown-arr\"><i class=\"\"><\/i><\/div>\n\t\t\t\t\t<ul>\n\t\t\t\t\t\t\t\t\t\t\t\t\t<li><a href=\"javascript:void(0);\" class=\"um-manual-trigger\" data-parent=\".um-cover\" data-child=\".um-btn-auto-width\">Upload a cover photo<\/a><\/li>\n\t\t\t\t\t\t\t\t\t\t\t\t\t<li><a href=\"javascript:void(0);\" class=\"um-dropdown-hide\">Cancel<\/a><\/li>\n\t\t\t\t\t\t\t\t\t\t\t<\/ul>\n\t\t\t\t<\/div>\n\t\t\t<\/div>\n\n\t\t\t<div style=\"display: none !important;\"><div  id=\"um_field_373_cover_photo\" class=\"um-field um-field-image  um-field-cover_photo um-field-image um-field-type_image\" data-key=\"cover_photo\" data-mode=\"\" data-upload-label=\"Upload\"><input type=\"hidden\" name=\"cover_photo\" id=\"cover_photo\" value=\"\"  aria-invalid=\"false\" \/><div class=\"um-field-label\"><label for=\"cover_photo\">Change your cover photo<\/label><div class=\"um-clear\"><\/div><\/div><div class=\"um-field-area\" style=\"text-align: center;\"><div class=\"um-single-image-preview crop\" data-crop=\"cover\" data-key=\"cover_photo\"><a href=\"javascript:void(0);\" class=\"cancel\"><i class=\"um-icon-close\"><\/i><\/a><img decoding=\"async\" class=\"fusion-lazyload-ignore\" src=\"\" alt=\"\" \/><div class=\"um-clear\"><\/div><\/div><a href=\"javascript:void(0);\" data-modal=\"um_upload_single\" data-modal-size=\"large\" data-modal-copy=\"1\" class=\"um-button um-btn-auto-width\">Upload<\/a><\/div><div class=\"um-modal-hidden-content\"><div class=\"um-modal-header\"> Change your cover photo<\/div><div class=\"um-modal-body\"><div class=\"um-single-image-preview crop\"  data-crop=\"cover\" data-ratio=\"2.7\" data-min_width=\"1000\" data-min_height=\"\" data-coord=\"\"><a href=\"javascript:void(0);\" class=\"cancel\"><i class=\"um-icon-close\"><\/i><\/a><img decoding=\"async\" class=\"fusion-lazyload-ignore\" src=\"\" alt=\"\" \/><div class=\"um-clear\"><\/div><\/div><div class=\"um-clear\"><\/div><div class=\"um-single-image-upload\" data-user_id=\"\" data-nonce=\"e0a091e4e5\" data-timestamp=\"1776611418\"  data-set_id=\"373\" data-set_mode=\"\" data-type=\"image\" data-key=\"cover_photo\" data-max_size=\"999999999\" data-max_size_error=\"This image is too large!\" data-min_size_error=\"This image is too small!\" data-extension_error=\"Sorry this is not a valid image.\"  data-allowed_types=\"gif,jpg,jpeg,png\" data-upload_text=\"Upload profile cover here&lt;small class=&quot;um-max-filesize&quot;&gt;( max: &lt;span&gt;953.7MB&lt;\/span&gt; )&lt;\/small&gt;\" data-max_files_error=\"You can only upload one image\" data-upload_help_text=\"\">Upload<\/div><div class=\"um-modal-footer\">\n\t\t\t\t\t\t\t\t\t<div class=\"um-modal-right\">\n\t\t\t\t\t\t\t\t\t\t<a href=\"javascript:void(0);\" class=\"um-modal-btn um-finish-upload image disabled\" data-key=\"cover_photo\" data-change=\"Change photo\" data-processing=\"Processing...\">Apply<\/a>\n\t\t\t\t\t\t\t\t\t\t<a href=\"javascript:void(0);\" class=\"um-modal-btn alt\" data-action=\"um_remove_modal\"> Cancel<\/a>\n\t\t\t\t\t\t\t\t\t<\/div>\n\t\t\t\t\t\t\t\t\t<div class=\"um-clear\"><\/div>\n\t\t\t\t\t\t\t\t<\/div><\/div><\/div><\/div><\/div>\n\t\t\t<div class=\"um-cover-e\" data-ratio=\"2.7:1\">\n\n\t\t\t\t\n\t\t\t\t\t\t<a href=\"javascript:void(0);\" class=\"um-cover-add\"><span class=\"um-cover-add-i\"><i\n\t\t\t\t\t\t\t\t\tclass=\"um-icon-plus um-tip-n\"\n\t\t\t\t\t\t\t\t\ttitle=\"Upload a cover photo\"><\/i><\/span><\/a>\n\n\t\t\t\t\t\n\t\t\t<\/div>\n\n\t\t\t<span class=\"um-cover-overlay\">\n\t\t\t\t<span class=\"um-cover-overlay-s\">\n\t\t\t\t\t<ins>\n\t\t\t\t\t\t<i class=\"um-faicon-picture-o\"><\/i>\n\t\t\t\t\t\t<span class=\"um-cover-overlay-t\">Change your cover photo<\/span>\n\t\t\t\t\t<\/ins>\n\t\t\t\t<\/span>\n\t\t\t<\/span>\n\t\t<\/div>\n\n\t\t\n\t<div class=\"um-header\">\n\n\t\t\n\t\t<div class=\"um-profile-photo\" data-user_id=\"0\"  aria-invalid=\"false\" >\n\n\t\t\t<a href=\"\" class=\"um-profile-photo-img\" title=\"\">\n\t\t\t\t<span class=\"um-profile-photo-overlay\">\n\t\t\t<span class=\"um-profile-photo-overlay-s\">\n\t\t\t\t<ins>\n\t\t\t\t\t<i class=\"um-faicon-camera\"><\/i>\n\t\t\t\t<\/ins>\n\t\t\t<\/span>\n\t\t<\/span><img alt='' src='https:\/\/secure.gravatar.com\/avatar\/?s=190&#038;d=mm&#038;r=g' srcset='https:\/\/secure.gravatar.com\/avatar\/?s=380&#038;d=mm&#038;r=g 2x' class='avatar avatar-190 photo avatar-default' height='190' width='190' \/>\t\t\t<\/a>\n\n\t\t\t<div style=\"display: none !important;\"><div  id=\"um_field_373_profile_photo\" class=\"um-field um-field-image  um-field-profile_photo um-field-image um-field-type_image\" data-key=\"profile_photo\" data-mode=\"\" data-upload-label=\"Upload\"><input type=\"hidden\" name=\"profile_photo\" id=\"profile_photo\" value=\"\"  aria-invalid=\"false\" \/><div class=\"um-field-label\"><label for=\"profile_photo\">Change your profile photo<\/label><div class=\"um-clear\"><\/div><\/div><div class=\"um-field-area\" style=\"text-align: center;\"><div class=\"um-single-image-preview crop\" data-crop=\"square\" data-key=\"profile_photo\"><a href=\"javascript:void(0);\" class=\"cancel\"><i class=\"um-icon-close\"><\/i><\/a><img decoding=\"async\" class=\"fusion-lazyload-ignore\" src=\"\" alt=\"\" \/><div class=\"um-clear\"><\/div><\/div><a href=\"javascript:void(0);\" data-modal=\"um_upload_single\" data-modal-size=\"normal\" data-modal-copy=\"1\" class=\"um-button um-btn-auto-width\">Upload<\/a><\/div><div class=\"um-modal-hidden-content\"><div class=\"um-modal-header\"> Change your profile photo<\/div><div class=\"um-modal-body\"><div class=\"um-single-image-preview crop\"  data-crop=\"square\" data-ratio=\"1\" data-min_width=\"190\" data-min_height=\"190\" data-coord=\"\"><a href=\"javascript:void(0);\" class=\"cancel\"><i class=\"um-icon-close\"><\/i><\/a><img decoding=\"async\" class=\"fusion-lazyload-ignore\" src=\"\" alt=\"\" \/><div class=\"um-clear\"><\/div><\/div><div class=\"um-clear\"><\/div><div class=\"um-single-image-upload\" data-user_id=\"\" data-nonce=\"e0a091e4e5\" data-timestamp=\"1776611418\"  data-set_id=\"373\" data-set_mode=\"\" data-type=\"image\" data-key=\"profile_photo\" data-max_size=\"999999999\" data-max_size_error=\"This image is too large!\" data-min_size_error=\"This image is too small!\" data-extension_error=\"Sorry this is not a valid image.\"  data-allowed_types=\"gif,jpg,jpeg,png\" data-upload_text=\"Upload your photo here&lt;small class=&quot;um-max-filesize&quot;&gt;( max: &lt;span&gt;953.7MB&lt;\/span&gt; )&lt;\/small&gt;\" data-max_files_error=\"You can only upload one image\" data-upload_help_text=\"\">Upload<\/div><div class=\"um-modal-footer\">\n\t\t\t\t\t\t\t\t\t<div class=\"um-modal-right\">\n\t\t\t\t\t\t\t\t\t\t<a href=\"javascript:void(0);\" class=\"um-modal-btn um-finish-upload image disabled\" data-key=\"profile_photo\" data-change=\"Change photo\" data-processing=\"Processing...\">Apply<\/a>\n\t\t\t\t\t\t\t\t\t\t<a href=\"javascript:void(0);\" class=\"um-modal-btn alt\" data-action=\"um_remove_modal\"> Cancel<\/a>\n\t\t\t\t\t\t\t\t\t<\/div>\n\t\t\t\t\t\t\t\t\t<div class=\"um-clear\"><\/div>\n\t\t\t\t\t\t\t\t<\/div><\/div><\/div><\/div><\/div>\n\t\t\t<div class=\"um-dropdown\" data-element=\"div.um-profile-photo\" data-position=\"bc\" data-trigger=\"click\">\n\t\t\t\t<div class=\"um-dropdown-b\">\n\t\t\t\t\t<div class=\"um-dropdown-arr\"><i class=\"\"><\/i><\/div>\n\t\t\t\t\t<ul>\n\t\t\t\t\t\t\t\t\t\t\t\t\t<li><a href=\"javascript:void(0);\" class=\"um-manual-trigger\" data-parent=\".um-profile-photo\" data-child=\".um-btn-auto-width\">Upload photo<\/a><\/li>\n\t\t\t\t\t\t\t\t\t\t\t\t\t<li><a href=\"javascript:void(0);\" class=\"um-dropdown-hide\">Cancel<\/a><\/li>\n\t\t\t\t\t\t\t\t\t\t\t<\/ul>\n\t\t\t\t<\/div>\n\t\t\t<\/div>\n\n\t\t\t\n\t\t<\/div>\n\n\t\t<div class=\"um-profile-meta\">\n\n\t\t\t\n\t\t\t<div class=\"um-main-meta\">\n\n\t\t\t\t\t\t\t\t\t<div class=\"um-name\">\n\n\t\t\t\t\t\t<a href=\"\"\n\t\t\t\t\t\t   title=\"\"><\/a>\n\n\t\t\t\t\t\t\n\t\t\t\t\t<\/div>\n\t\t\t\t\n\t\t\t\t<div class=\"um-clear\"><\/div>\n\n\t\t\t\t\n\t\t\t<\/div>\n\n\t\t\t\n\t\t\t<div class=\"um-profile-status \">\n\t\t\t\t<span>\n\t\t\t\t\tThis user account status is \t\t\t\t<\/span>\n\t\t\t<\/div>\n\n\t\t\t\t\t<\/div>\n\t\t<div class=\"um-clear\"><\/div>\n\n\t\t\n\t<\/div>\n\n\t\n\t\t<div class=\"um-profile-navbar \">\n\t\t\t\t\t\t<div class=\"um-clear\"><\/div>\n\t\t<\/div>\n\n\t\t\n\t\t\t<div class=\"um-profile-nav\">\n\n\t\t\t\t\n\t\t\t\t\t<div class=\"um-profile-nav-item um-profile-nav-main  active\">\n\t\t\t\t\t\t\t\t\t\t\t\t\t<a href=\"https:\/\/alibilalbayrak.com\/index.php\/wp-json\/wp\/v2\/pages\/375?profiletab=main\" class=\"uimob800-show uimob500-show uimob340-show um-tip-n\"\n\t\t\t\t\t\t\t   title=\"About\" original-title=\"About\" >\n\n\t\t\t\t\t\t\t\t<i class=\"um-faicon-user\"><\/i>\n\n\t\t\t\t\t\t\t\t\n\t\t\t\t\t\t\t\t<span class=\"uimob800-hide uimob500-hide uimob340-hide title\">About<\/span>\n\t\t\t\t\t\t\t<\/a>\n\t\t\t\t\t\t\t<a href=\"https:\/\/alibilalbayrak.com\/index.php\/wp-json\/wp\/v2\/pages\/375?profiletab=main\" class=\"uimob800-hide uimob500-hide uimob340-hide\"\n\t\t\t\t\t\t\t   title=\"About\" >\n\n\t\t\t\t\t\t\t\t<i class=\"um-faicon-user\"><\/i>\n\n\t\t\t\t\t\t\t\t\n\t\t\t\t\t\t\t\t<span class=\"title\">About<\/span>\n\t\t\t\t\t\t\t<\/a>\n\t\t\t\t\t\t\t\t\t\t\t<\/div>\n\n\t\t\t\t\n\t\t\t\t\t<div class=\"um-profile-nav-item um-profile-nav-posts \">\n\t\t\t\t\t\t\t\t\t\t\t\t\t<a href=\"https:\/\/alibilalbayrak.com\/index.php\/wp-json\/wp\/v2\/pages\/375?profiletab=posts\" class=\"uimob800-show uimob500-show uimob340-show um-tip-n\"\n\t\t\t\t\t\t\t   title=\"Posts\" original-title=\"Posts\" >\n\n\t\t\t\t\t\t\t\t<i class=\"um-faicon-pencil\"><\/i>\n\n\t\t\t\t\t\t\t\t\n\t\t\t\t\t\t\t\t<span class=\"uimob800-hide uimob500-hide uimob340-hide title\">Posts<\/span>\n\t\t\t\t\t\t\t<\/a>\n\t\t\t\t\t\t\t<a href=\"https:\/\/alibilalbayrak.com\/index.php\/wp-json\/wp\/v2\/pages\/375?profiletab=posts\" class=\"uimob800-hide uimob500-hide uimob340-hide\"\n\t\t\t\t\t\t\t   title=\"Posts\" >\n\n\t\t\t\t\t\t\t\t<i class=\"um-faicon-pencil\"><\/i>\n\n\t\t\t\t\t\t\t\t\n\t\t\t\t\t\t\t\t<span class=\"title\">Posts<\/span>\n\t\t\t\t\t\t\t<\/a>\n\t\t\t\t\t\t\t\t\t\t\t<\/div>\n\n\t\t\t\t\n\t\t\t\t\t<div class=\"um-profile-nav-item um-profile-nav-comments \">\n\t\t\t\t\t\t\t\t\t\t\t\t\t<a href=\"https:\/\/alibilalbayrak.com\/index.php\/wp-json\/wp\/v2\/pages\/375?profiletab=comments\" class=\"uimob800-show uimob500-show uimob340-show um-tip-n\"\n\t\t\t\t\t\t\t   title=\"Comments\" original-title=\"Comments\" >\n\n\t\t\t\t\t\t\t\t<i class=\"um-faicon-comment\"><\/i>\n\n\t\t\t\t\t\t\t\t\n\t\t\t\t\t\t\t\t<span class=\"uimob800-hide uimob500-hide uimob340-hide title\">Comments<\/span>\n\t\t\t\t\t\t\t<\/a>\n\t\t\t\t\t\t\t<a href=\"https:\/\/alibilalbayrak.com\/index.php\/wp-json\/wp\/v2\/pages\/375?profiletab=comments\" class=\"uimob800-hide uimob500-hide uimob340-hide\"\n\t\t\t\t\t\t\t   title=\"Comments\" >\n\n\t\t\t\t\t\t\t\t<i class=\"um-faicon-comment\"><\/i>\n\n\t\t\t\t\t\t\t\t\n\t\t\t\t\t\t\t\t<span class=\"title\">Comments<\/span>\n\t\t\t\t\t\t\t<\/a>\n\t\t\t\t\t\t\t\t\t\t\t<\/div>\n\n\t\t\t\t\n\t\t\t\t<div class=\"um-clear\"><\/div>\n\n\t\t\t<\/div>\n\n\t\t\n\t\t\t\t<div class=\"um-profile-body main main-default\">\n\n\t\t\t\t\t<p class=\"um-profile-note\"><i class=\"um-faicon-frown-o\"><\/i><span>This user has not added any information to their profile yet.<\/span><\/p>\t\t<input type=\"hidden\" name=\"form_id\" id=\"form_id_373\" value=\"373\" \/>\n\t\n\t<p class=\"um_request_name\">\n\t\t<label for=\"um_request_373\">Only fill in if you are not human<\/label>\n\t\t<input type=\"hidden\" name=\"um_request\" id=\"um_request_373\" class=\"input\" value=\"\" size=\"25\" autocomplete=\"off\" \/>\n\t<\/p>\n\n\t\n\t\t\t\t\t<div class=\"clear\"><\/div>\n\t\t\t\t<\/div>\n\n\t\t\t\t<\/div>\n<\/div>\n<style>\n\t\t\t.um-373.um {\n\t\t\tmax-width: 1000px;\n\t\t}\n\t\t<\/style>\n<style>\n\t\t\t.um-373.um .um-profile-body {\n\t\t\tmax-width: 600px;\n\t\t}\n\t\t.um-373.um .um-profile-photo a.um-profile-photo-img {\n\t\twidth: 190px;\n\t\theight: 190px;\n\t}\n\t.um-373.um .um-profile-photo a.um-profile-photo-img {\n\t\ttop: -105px;\n\t}\n\t\t\t.um-373.um .um-profile-meta {\n\t\t\tpadding-left: 250px;\n\t\t}\n\t<\/style>\n\n","protected":false},"excerpt":{"rendered":"","protected":false},"author":1,"featured_media":0,"parent":0,"menu_order":0,"comment_status":"closed","ping_status":"closed","template":"","meta":{"footnotes":""},"class_list":["post-375","page","type-page","status-publish","hentry"],"yoast_head":"<!-- This site is optimized with the Yoast SEO plugin v22.8 - https:\/\/yoast.com\/wordpress\/plugins\/seo\/ -->\n<title>User - Ali Bilal Bayrak<\/title>\n<meta name=\"robots\" content=\"index, follow, max-snippet:-1, max-image-preview:large, max-video-preview:-1\" \/>\n<link rel=\"canonical\" href=\"https:\/\/alibilalbayrak.com\/index.php\/user\/\" \/>\n<meta property=\"og:locale\" content=\"tr_TR\" \/>\n<meta property=\"og:type\" content=\"article\" \/>\n<meta property=\"og:title\" content=\"User - Ali Bilal Bayrak\" \/>\n<meta property=\"og:url\" content=\"https:\/\/alibilalbayrak.com\/index.php\/user\/\" \/>\n<meta property=\"og:site_name\" content=\"Ali Bilal Bayrak\" \/>\n<meta name=\"twitter:card\" content=\"summary_large_image\" \/>\n<meta name=\"twitter:site\" content=\"@Bayrakalibilal\" \/>\n<script type=\"application\/ld+json\" class=\"yoast-schema-graph\">{\"@context\":\"https:\/\/schema.org\",\"@graph\":[{\"@type\":\"WebPage\",\"@id\":\"https:\/\/alibilalbayrak.com\/index.php\/user\/\",\"url\":\"https:\/\/alibilalbayrak.com\/index.php\/user\/\",\"name\":\"User - Ali Bilal Bayrak\",\"isPartOf\":{\"@id\":\"https:\/\/alibilalbayrak.com\/#website\"},\"datePublished\":\"2022-10-06T17:59:47+00:00\",\"dateModified\":\"2022-10-06T17:59:47+00:00\",\"breadcrumb\":{\"@id\":\"https:\/\/alibilalbayrak.com\/index.php\/user\/#breadcrumb\"},\"inLanguage\":\"tr\",\"potentialAction\":[{\"@type\":\"ReadAction\",\"target\":[\"https:\/\/alibilalbayrak.com\/index.php\/user\/\"]}]},{\"@type\":\"BreadcrumbList\",\"@id\":\"https:\/\/alibilalbayrak.com\/index.php\/user\/#breadcrumb\",\"itemListElement\":[{\"@type\":\"ListItem\",\"position\":1,\"name\":\"Anasayfa\",\"item\":\"https:\/\/alibilalbayrak.com\/\"},{\"@type\":\"ListItem\",\"position\":2,\"name\":\"User\"}]},{\"@type\":\"WebSite\",\"@id\":\"https:\/\/alibilalbayrak.com\/#website\",\"url\":\"https:\/\/alibilalbayrak.com\/\",\"name\":\"Ali Bilal Bayrak\",\"description\":\"zat-\u0131 muhterem&#039;in kafas\u0131n\u0131n i\u00e7i\",\"publisher\":{\"@id\":\"https:\/\/alibilalbayrak.com\/#\/schema\/person\/20032d0a1480fccd04d97d33f3ce34fa\"},\"potentialAction\":[{\"@type\":\"SearchAction\",\"target\":{\"@type\":\"EntryPoint\",\"urlTemplate\":\"https:\/\/alibilalbayrak.com\/?s={search_term_string}\"},\"query-input\":\"required name=search_term_string\"}],\"inLanguage\":\"tr\"},{\"@type\":[\"Person\",\"Organization\"],\"@id\":\"https:\/\/alibilalbayrak.com\/#\/schema\/person\/20032d0a1480fccd04d97d33f3ce34fa\",\"name\":\"alibilalbayrak\",\"image\":{\"@type\":\"ImageObject\",\"inLanguage\":\"tr\",\"@id\":\"https:\/\/alibilalbayrak.com\/#\/schema\/person\/image\/\",\"url\":\"https:\/\/i0.wp.com\/alibilalbayrak.com\/wp-content\/uploads\/2022\/10\/ABB-1-1.png?fit=1080%2C1080&ssl=1\",\"contentUrl\":\"https:\/\/i0.wp.com\/alibilalbayrak.com\/wp-content\/uploads\/2022\/10\/ABB-1-1.png?fit=1080%2C1080&ssl=1\",\"width\":1080,\"height\":1080,\"caption\":\"alibilalbayrak\"},\"logo\":{\"@id\":\"https:\/\/alibilalbayrak.com\/#\/schema\/person\/image\/\"},\"description\":\"2019 y\u0131l\u0131nda istanbul kadik\u00f6y lisesinden mezun oldum. \u00dcsk\u00fcdar \u00fcniversitesinde perf\u00fczyon lisans b\u00f6l\u00fcm\u00fcne girerek e\u011fitim hayat\u0131ma devam ettim. Ayn\u0131 senenin sonunda \u00e7ap yapma hakk\u0131 kazanarak anestezi \u00f6nlisans e\u011fitimine ba\u015flad\u0131m. Ortaokul y\u0131llar\u0131ndan beri bili\u015fim sekt\u00f6r\u00fcnde \u00e7al\u0131\u015fmaya dair bir hevesim vard\u0131. Kendimi bamba\u015fka bir alanda uzmanla\u015f\u0131rken bulsam da, amat\u00f6r olarak ilgilenmeye devam ettim. \u00c7evrimi\u00e7i Photoshop ve web design e\u011fitimi ald\u0131m. Donan\u0131m cihazlar\u0131 hakk\u0131nda okuyup ara\u015ft\u0131rd\u0131m. Bunun haricinde ekonomi, insan davran\u0131\u015flar\u0131, antropoloji,psikoloji ve felsefe ile ilgileniyorum.\",\"sameAs\":[\"https:\/\/alibilalbayrak.com\",\"https:\/\/www.instagram.com\/bayrakalibilal\/\",\"https:\/\/www.linkedin.com\/in\/alibilalbayrak\/\",\"https:\/\/x.com\/https:\/\/twitter.com\/Bayrakalibilal\"]}]}<\/script>\n<!-- \/ Yoast SEO plugin. -->","yoast_head_json":{"title":"User - Ali Bilal Bayrak","robots":{"index":"index","follow":"follow","max-snippet":"max-snippet:-1","max-image-preview":"max-image-preview:large","max-video-preview":"max-video-preview:-1"},"canonical":"https:\/\/alibilalbayrak.com\/index.php\/user\/","og_locale":"tr_TR","og_type":"article","og_title":"User - Ali Bilal Bayrak","og_url":"https:\/\/alibilalbayrak.com\/index.php\/user\/","og_site_name":"Ali Bilal Bayrak","twitter_card":"summary_large_image","twitter_site":"@Bayrakalibilal","schema":{"@context":"https:\/\/schema.org","@graph":[{"@type":"WebPage","@id":"https:\/\/alibilalbayrak.com\/index.php\/user\/","url":"https:\/\/alibilalbayrak.com\/index.php\/user\/","name":"User - Ali Bilal Bayrak","isPartOf":{"@id":"https:\/\/alibilalbayrak.com\/#website"},"datePublished":"2022-10-06T17:59:47+00:00","dateModified":"2022-10-06T17:59:47+00:00","breadcrumb":{"@id":"https:\/\/alibilalbayrak.com\/index.php\/user\/#breadcrumb"},"inLanguage":"tr","potentialAction":[{"@type":"ReadAction","target":["https:\/\/alibilalbayrak.com\/index.php\/user\/"]}]},{"@type":"BreadcrumbList","@id":"https:\/\/alibilalbayrak.com\/index.php\/user\/#breadcrumb","itemListElement":[{"@type":"ListItem","position":1,"name":"Anasayfa","item":"https:\/\/alibilalbayrak.com\/"},{"@type":"ListItem","position":2,"name":"User"}]},{"@type":"WebSite","@id":"https:\/\/alibilalbayrak.com\/#website","url":"https:\/\/alibilalbayrak.com\/","name":"Ali Bilal Bayrak","description":"zat-\u0131 muhterem&#039;in kafas\u0131n\u0131n i\u00e7i","publisher":{"@id":"https:\/\/alibilalbayrak.com\/#\/schema\/person\/20032d0a1480fccd04d97d33f3ce34fa"},"potentialAction":[{"@type":"SearchAction","target":{"@type":"EntryPoint","urlTemplate":"https:\/\/alibilalbayrak.com\/?s={search_term_string}"},"query-input":"required name=search_term_string"}],"inLanguage":"tr"},{"@type":["Person","Organization"],"@id":"https:\/\/alibilalbayrak.com\/#\/schema\/person\/20032d0a1480fccd04d97d33f3ce34fa","name":"alibilalbayrak","image":{"@type":"ImageObject","inLanguage":"tr","@id":"https:\/\/alibilalbayrak.com\/#\/schema\/person\/image\/","url":"https:\/\/i0.wp.com\/alibilalbayrak.com\/wp-content\/uploads\/2022\/10\/ABB-1-1.png?fit=1080%2C1080&ssl=1","contentUrl":"https:\/\/i0.wp.com\/alibilalbayrak.com\/wp-content\/uploads\/2022\/10\/ABB-1-1.png?fit=1080%2C1080&ssl=1","width":1080,"height":1080,"caption":"alibilalbayrak"},"logo":{"@id":"https:\/\/alibilalbayrak.com\/#\/schema\/person\/image\/"},"description":"2019 y\u0131l\u0131nda istanbul kadik\u00f6y lisesinden mezun oldum. \u00dcsk\u00fcdar \u00fcniversitesinde perf\u00fczyon lisans b\u00f6l\u00fcm\u00fcne girerek e\u011fitim hayat\u0131ma devam ettim. Ayn\u0131 senenin sonunda \u00e7ap yapma hakk\u0131 kazanarak anestezi \u00f6nlisans e\u011fitimine ba\u015flad\u0131m. Ortaokul y\u0131llar\u0131ndan beri bili\u015fim sekt\u00f6r\u00fcnde \u00e7al\u0131\u015fmaya dair bir hevesim vard\u0131. Kendimi bamba\u015fka bir alanda uzmanla\u015f\u0131rken bulsam da, amat\u00f6r olarak ilgilenmeye devam ettim. \u00c7evrimi\u00e7i Photoshop ve web design e\u011fitimi ald\u0131m. Donan\u0131m cihazlar\u0131 hakk\u0131nda okuyup ara\u015ft\u0131rd\u0131m. Bunun haricinde ekonomi, insan davran\u0131\u015flar\u0131, antropoloji,psikoloji ve felsefe ile ilgileniyorum.","sameAs":["https:\/\/alibilalbayrak.com","https:\/\/www.instagram.com\/bayrakalibilal\/","https:\/\/www.linkedin.com\/in\/alibilalbayrak\/","https:\/\/x.com\/https:\/\/twitter.com\/Bayrakalibilal"]}]}},"jetpack_sharing_enabled":true,"_links":{"self":[{"href":"https:\/\/alibilalbayrak.com\/index.php\/wp-json\/wp\/v2\/pages\/375","targetHints":{"allow":["GET"]}}],"collection":[{"href":"https:\/\/alibilalbayrak.com\/index.php\/wp-json\/wp\/v2\/pages"}],"about":[{"href":"https:\/\/alibilalbayrak.com\/index.php\/wp-json\/wp\/v2\/types\/page"}],"author":[{"embeddable":true,"href":"https:\/\/alibilalbayrak.com\/index.php\/wp-json\/wp\/v2\/users\/1"}],"replies":[{"embeddable":true,"href":"https:\/\/alibilalbayrak.com\/index.php\/wp-json\/wp\/v2\/comments?post=375"}],"version-history":[{"count":0,"href":"https:\/\/alibilalbayrak.com\/index.php\/wp-json\/wp\/v2\/pages\/375\/revisions"}],"wp:attachment":[{"href":"https:\/\/alibilalbayrak.com\/index.php\/wp-json\/wp\/v2\/media?parent=375"}],"curies":[{"name":"wp","href":"https:\/\/api.w.org\/{rel}","templated":true}]}}