{"id":134,"date":"2022-10-02T18:54:07","date_gmt":"2022-10-02T15:54:07","guid":{"rendered":"https:\/\/alibilalbayrak.com\/?page_id=134"},"modified":"2022-12-10T02:00:07","modified_gmt":"2022-12-09T23:00:07","slug":"projeler","status":"publish","type":"page","link":"https:\/\/alibilalbayrak.com\/index.php\/projeler\/","title":{"rendered":"Projeler"},"content":{"rendered":"\n<div class=\"wp-block-group is-style-default is-layout-flow wp-block-group-is-layout-flow\">\n<div class=\"wp-block-group is-layout-flow wp-block-group-is-layout-flow\"><\/div>\n<\/div>\n\n\n\n<div class=\"wp-block-query is-layout-flow wp-block-query-is-layout-flow\"><ul class=\"wp-block-post-template is-layout-flow wp-block-post-template-is-layout-flow\"><li class=\"wp-block-post post-302 post type-post status-publish format-standard hentry category-photoshop category-projeler\">\n\n<div class=\"wp-block-columns are-vertically-aligned-center is-layout-flex wp-container-core-columns-is-layout-28f84493 wp-block-columns-is-layout-flex\">\n<div class=\"wp-block-column is-vertically-aligned-center is-layout-flow wp-block-column-is-layout-flow\" style=\"flex-basis:25%\"><\/div>\n\n\n\n<div class=\"wp-block-column is-vertically-aligned-center is-layout-flow wp-block-column-is-layout-flow\" style=\"flex-basis:75%\"><h2 class=\"wp-block-post-title\"><a href=\"https:\/\/alibilalbayrak.com\/index.php\/2022\/10\/05\/pizza-reklami\/\" target=\"_self\" >Pizza reklam\u0131<\/a><\/h2><\/div>\n<\/div>\n\n<\/li><li class=\"wp-block-post post-91 post type-post status-publish format-standard has-post-thumbnail hentry category-photoshop category-projeler\">\n\n<div class=\"wp-block-columns are-vertically-aligned-center is-layout-flex wp-container-core-columns-is-layout-28f84493 wp-block-columns-is-layout-flex\">\n<div class=\"wp-block-column is-vertically-aligned-center is-layout-flow wp-block-column-is-layout-flow\" style=\"flex-basis:25%\"><figure class=\"wp-block-post-featured-image\"><a href=\"https:\/\/alibilalbayrak.com\/index.php\/2022\/10\/02\/cogalatma-efekti-denemesi\/\" target=\"_self\"  ><img loading=\"lazy\" decoding=\"async\" width=\"1891\" height=\"2560\" src=\"https:\/\/i0.wp.com\/alibilalbayrak.com\/wp-content\/uploads\/2022\/10\/KARSILASTIR2-scaled.jpg?resize=1891%2C2560&#038;ssl=1\" class=\"attachment-post-thumbnail size-post-thumbnail wp-post-image\" alt=\"\u00c7o\u011falatma efekti denemesi\" style=\"object-fit:cover;\" srcset=\"https:\/\/i0.wp.com\/alibilalbayrak.com\/wp-content\/uploads\/2022\/10\/KARSILASTIR2-scaled.jpg?w=1891&amp;ssl=1 1891w, https:\/\/i0.wp.com\/alibilalbayrak.com\/wp-content\/uploads\/2022\/10\/KARSILASTIR2-scaled.jpg?resize=222%2C300&amp;ssl=1 222w, https:\/\/i0.wp.com\/alibilalbayrak.com\/wp-content\/uploads\/2022\/10\/KARSILASTIR2-scaled.jpg?resize=756%2C1024&amp;ssl=1 756w, https:\/\/i0.wp.com\/alibilalbayrak.com\/wp-content\/uploads\/2022\/10\/KARSILASTIR2-scaled.jpg?resize=768%2C1040&amp;ssl=1 768w, https:\/\/i0.wp.com\/alibilalbayrak.com\/wp-content\/uploads\/2022\/10\/KARSILASTIR2-scaled.jpg?resize=1134%2C1536&amp;ssl=1 1134w, https:\/\/i0.wp.com\/alibilalbayrak.com\/wp-content\/uploads\/2022\/10\/KARSILASTIR2-scaled.jpg?resize=1513%2C2048&amp;ssl=1 1513w\" sizes=\"auto, (max-width: 1000px) 100vw, 1000px\" data-recalc-dims=\"1\" \/><\/a><\/figure><\/div>\n\n\n\n<div class=\"wp-block-column is-vertically-aligned-center is-layout-flow wp-block-column-is-layout-flow\" style=\"flex-basis:75%\"><h2 class=\"wp-block-post-title\"><a href=\"https:\/\/alibilalbayrak.com\/index.php\/2022\/10\/02\/cogalatma-efekti-denemesi\/\" target=\"_self\" >\u00c7o\u011falatma efekti denemesi<\/a><\/h2><\/div>\n<\/div>\n\n<\/li><li class=\"wp-block-post post-88 post type-post status-publish format-standard has-post-thumbnail hentry category-photoshop category-projeler\">\n\n<div class=\"wp-block-columns are-vertically-aligned-center is-layout-flex wp-container-core-columns-is-layout-28f84493 wp-block-columns-is-layout-flex\">\n<div class=\"wp-block-column is-vertically-aligned-center is-layout-flow wp-block-column-is-layout-flow\" style=\"flex-basis:25%\"><figure class=\"wp-block-post-featured-image\"><a href=\"https:\/\/alibilalbayrak.com\/index.php\/2022\/10\/02\/yagis-efekti-denemesi\/\" target=\"_self\"  ><img loading=\"lazy\" decoding=\"async\" width=\"2560\" height=\"1707\" src=\"https:\/\/i0.wp.com\/alibilalbayrak.com\/wp-content\/uploads\/2022\/10\/semsiye-Recovered-scaled.jpg?resize=2560%2C1707&#038;ssl=1\" class=\"attachment-post-thumbnail size-post-thumbnail wp-post-image\" alt=\"Ya\u011f\u0131\u015f efekti denemesi\" style=\"object-fit:cover;\" srcset=\"https:\/\/i0.wp.com\/alibilalbayrak.com\/wp-content\/uploads\/2022\/10\/semsiye-Recovered-scaled.jpg?w=2560&amp;ssl=1 2560w, https:\/\/i0.wp.com\/alibilalbayrak.com\/wp-content\/uploads\/2022\/10\/semsiye-Recovered-scaled.jpg?resize=300%2C200&amp;ssl=1 300w, https:\/\/i0.wp.com\/alibilalbayrak.com\/wp-content\/uploads\/2022\/10\/semsiye-Recovered-scaled.jpg?resize=1024%2C683&amp;ssl=1 1024w, https:\/\/i0.wp.com\/alibilalbayrak.com\/wp-content\/uploads\/2022\/10\/semsiye-Recovered-scaled.jpg?resize=768%2C512&amp;ssl=1 768w, https:\/\/i0.wp.com\/alibilalbayrak.com\/wp-content\/uploads\/2022\/10\/semsiye-Recovered-scaled.jpg?resize=1536%2C1024&amp;ssl=1 1536w, https:\/\/i0.wp.com\/alibilalbayrak.com\/wp-content\/uploads\/2022\/10\/semsiye-Recovered-scaled.jpg?resize=2048%2C1365&amp;ssl=1 2048w\" sizes=\"auto, (max-width: 1000px) 100vw, 1000px\" data-recalc-dims=\"1\" \/><\/a><\/figure><\/div>\n\n\n\n<div class=\"wp-block-column is-vertically-aligned-center is-layout-flow wp-block-column-is-layout-flow\" style=\"flex-basis:75%\"><h2 class=\"wp-block-post-title\"><a href=\"https:\/\/alibilalbayrak.com\/index.php\/2022\/10\/02\/yagis-efekti-denemesi\/\" target=\"_self\" >Ya\u011f\u0131\u015f efekti denemesi<\/a><\/h2><\/div>\n<\/div>\n\n<\/li><li class=\"wp-block-post post-86 post type-post status-publish format-standard has-post-thumbnail hentry category-photoshop category-projeler\">\n\n<div class=\"wp-block-columns are-vertically-aligned-center is-layout-flex wp-container-core-columns-is-layout-28f84493 wp-block-columns-is-layout-flex\">\n<div class=\"wp-block-column is-vertically-aligned-center is-layout-flow wp-block-column-is-layout-flow\" style=\"flex-basis:25%\"><figure class=\"wp-block-post-featured-image\"><a href=\"https:\/\/alibilalbayrak.com\/index.php\/2022\/10\/02\/bahce-calismasi\/\" target=\"_self\"  ><img loading=\"lazy\" decoding=\"async\" width=\"2560\" height=\"850\" src=\"https:\/\/i0.wp.com\/alibilalbayrak.com\/wp-content\/uploads\/2022\/10\/edt-scaled.jpg?resize=2560%2C850&#038;ssl=1\" class=\"attachment-post-thumbnail size-post-thumbnail wp-post-image\" alt=\"Bah\u00e7e \u00e7al\u0131\u015fmas\u0131\" style=\"object-fit:cover;\" srcset=\"https:\/\/i0.wp.com\/alibilalbayrak.com\/wp-content\/uploads\/2022\/10\/edt-scaled.jpg?w=2560&amp;ssl=1 2560w, https:\/\/i0.wp.com\/alibilalbayrak.com\/wp-content\/uploads\/2022\/10\/edt-scaled.jpg?resize=300%2C100&amp;ssl=1 300w, https:\/\/i0.wp.com\/alibilalbayrak.com\/wp-content\/uploads\/2022\/10\/edt-scaled.jpg?resize=1024%2C340&amp;ssl=1 1024w, https:\/\/i0.wp.com\/alibilalbayrak.com\/wp-content\/uploads\/2022\/10\/edt-scaled.jpg?resize=768%2C255&amp;ssl=1 768w, https:\/\/i0.wp.com\/alibilalbayrak.com\/wp-content\/uploads\/2022\/10\/edt-scaled.jpg?resize=1536%2C510&amp;ssl=1 1536w, https:\/\/i0.wp.com\/alibilalbayrak.com\/wp-content\/uploads\/2022\/10\/edt-scaled.jpg?resize=2048%2C680&amp;ssl=1 2048w\" sizes=\"auto, (max-width: 1000px) 100vw, 1000px\" data-recalc-dims=\"1\" \/><\/a><\/figure><\/div>\n\n\n\n<div class=\"wp-block-column is-vertically-aligned-center is-layout-flow wp-block-column-is-layout-flow\" style=\"flex-basis:75%\"><h2 class=\"wp-block-post-title\"><a href=\"https:\/\/alibilalbayrak.com\/index.php\/2022\/10\/02\/bahce-calismasi\/\" target=\"_self\" >Bah\u00e7e \u00e7al\u0131\u015fmas\u0131<\/a><\/h2><\/div>\n<\/div>\n\n<\/li><li class=\"wp-block-post post-71 post type-post status-publish format-standard has-post-thumbnail hentry category-photoshop category-projeler\">\n\n<div class=\"wp-block-columns are-vertically-aligned-center is-layout-flex wp-container-core-columns-is-layout-28f84493 wp-block-columns-is-layout-flex\">\n<div class=\"wp-block-column is-vertically-aligned-center is-layout-flow wp-block-column-is-layout-flow\" style=\"flex-basis:25%\"><figure class=\"wp-block-post-featured-image\"><a href=\"https:\/\/alibilalbayrak.com\/index.php\/2022\/10\/02\/logo-tasarim\/\" target=\"_self\"  ><img loading=\"lazy\" decoding=\"async\" width=\"1920\" height=\"1080\" src=\"https:\/\/i0.wp.com\/alibilalbayrak.com\/wp-content\/uploads\/2022\/10\/Untitled-2-2.png?resize=1920%2C1080&#038;ssl=1\" class=\"attachment-post-thumbnail size-post-thumbnail wp-post-image\" alt=\"Logo tasar\u0131m\" style=\"object-fit:cover;\" srcset=\"https:\/\/i0.wp.com\/alibilalbayrak.com\/wp-content\/uploads\/2022\/10\/Untitled-2-2.png?w=1920&amp;ssl=1 1920w, https:\/\/i0.wp.com\/alibilalbayrak.com\/wp-content\/uploads\/2022\/10\/Untitled-2-2.png?resize=300%2C169&amp;ssl=1 300w, https:\/\/i0.wp.com\/alibilalbayrak.com\/wp-content\/uploads\/2022\/10\/Untitled-2-2.png?resize=1024%2C576&amp;ssl=1 1024w, https:\/\/i0.wp.com\/alibilalbayrak.com\/wp-content\/uploads\/2022\/10\/Untitled-2-2.png?resize=768%2C432&amp;ssl=1 768w, https:\/\/i0.wp.com\/alibilalbayrak.com\/wp-content\/uploads\/2022\/10\/Untitled-2-2.png?resize=1536%2C864&amp;ssl=1 1536w\" sizes=\"auto, (max-width: 1000px) 100vw, 1000px\" data-recalc-dims=\"1\" \/><\/a><\/figure><\/div>\n\n\n\n<div class=\"wp-block-column is-vertically-aligned-center is-layout-flow wp-block-column-is-layout-flow\" style=\"flex-basis:75%\"><h2 class=\"wp-block-post-title\"><a href=\"https:\/\/alibilalbayrak.com\/index.php\/2022\/10\/02\/logo-tasarim\/\" target=\"_self\" >Logo tasar\u0131m<\/a><\/h2><\/div>\n<\/div>\n\n<\/li><\/ul><\/div>\n","protected":false},"excerpt":{"rendered":"","protected":false},"author":1,"featured_media":0,"parent":0,"menu_order":1,"comment_status":"closed","ping_status":"closed","template":"","meta":{"footnotes":""},"class_list":["post-134","page","type-page","status-publish","hentry"],"yoast_head":"<!-- This site is optimized with the Yoast SEO plugin v22.8 - https:\/\/yoast.com\/wordpress\/plugins\/seo\/ -->\n<title>Projeler - Ali Bilal Bayrak<\/title>\n<meta name=\"robots\" content=\"index, follow, max-snippet:-1, max-image-preview:large, max-video-preview:-1\" \/>\n<link rel=\"canonical\" href=\"https:\/\/alibilalbayrak.com\/index.php\/projeler\/\" \/>\n<meta property=\"og:locale\" content=\"tr_TR\" \/>\n<meta property=\"og:type\" content=\"article\" \/>\n<meta property=\"og:title\" content=\"Projeler - Ali Bilal Bayrak\" \/>\n<meta property=\"og:url\" content=\"https:\/\/alibilalbayrak.com\/index.php\/projeler\/\" \/>\n<meta property=\"og:site_name\" content=\"Ali Bilal Bayrak\" \/>\n<meta property=\"article:modified_time\" content=\"2022-12-09T23:00:07+00:00\" \/>\n<meta name=\"twitter:card\" content=\"summary_large_image\" \/>\n<meta name=\"twitter:site\" content=\"@Bayrakalibilal\" \/>\n<script type=\"application\/ld+json\" class=\"yoast-schema-graph\">{\"@context\":\"https:\/\/schema.org\",\"@graph\":[{\"@type\":\"WebPage\",\"@id\":\"https:\/\/alibilalbayrak.com\/index.php\/projeler\/\",\"url\":\"https:\/\/alibilalbayrak.com\/index.php\/projeler\/\",\"name\":\"Projeler - Ali Bilal Bayrak\",\"isPartOf\":{\"@id\":\"https:\/\/alibilalbayrak.com\/#website\"},\"datePublished\":\"2022-10-02T15:54:07+00:00\",\"dateModified\":\"2022-12-09T23:00:07+00:00\",\"breadcrumb\":{\"@id\":\"https:\/\/alibilalbayrak.com\/index.php\/projeler\/#breadcrumb\"},\"inLanguage\":\"tr\",\"potentialAction\":[{\"@type\":\"ReadAction\",\"target\":[\"https:\/\/alibilalbayrak.com\/index.php\/projeler\/\"]}]},{\"@type\":\"BreadcrumbList\",\"@id\":\"https:\/\/alibilalbayrak.com\/index.php\/projeler\/#breadcrumb\",\"itemListElement\":[{\"@type\":\"ListItem\",\"position\":1,\"name\":\"Anasayfa\",\"item\":\"https:\/\/alibilalbayrak.com\/\"},{\"@type\":\"ListItem\",\"position\":2,\"name\":\"Projeler\"}]},{\"@type\":\"WebSite\",\"@id\":\"https:\/\/alibilalbayrak.com\/#website\",\"url\":\"https:\/\/alibilalbayrak.com\/\",\"name\":\"Ali Bilal Bayrak\",\"description\":\"zat-\u0131 muhterem&#039;in kafas\u0131n\u0131n i\u00e7i\",\"publisher\":{\"@id\":\"https:\/\/alibilalbayrak.com\/#\/schema\/person\/20032d0a1480fccd04d97d33f3ce34fa\"},\"potentialAction\":[{\"@type\":\"SearchAction\",\"target\":{\"@type\":\"EntryPoint\",\"urlTemplate\":\"https:\/\/alibilalbayrak.com\/?s={search_term_string}\"},\"query-input\":\"required name=search_term_string\"}],\"inLanguage\":\"tr\"},{\"@type\":[\"Person\",\"Organization\"],\"@id\":\"https:\/\/alibilalbayrak.com\/#\/schema\/person\/20032d0a1480fccd04d97d33f3ce34fa\",\"name\":\"alibilalbayrak\",\"image\":{\"@type\":\"ImageObject\",\"inLanguage\":\"tr\",\"@id\":\"https:\/\/alibilalbayrak.com\/#\/schema\/person\/image\/\",\"url\":\"https:\/\/i0.wp.com\/alibilalbayrak.com\/wp-content\/uploads\/2022\/10\/ABB-1-1.png?fit=1080%2C1080&ssl=1\",\"contentUrl\":\"https:\/\/i0.wp.com\/alibilalbayrak.com\/wp-content\/uploads\/2022\/10\/ABB-1-1.png?fit=1080%2C1080&ssl=1\",\"width\":1080,\"height\":1080,\"caption\":\"alibilalbayrak\"},\"logo\":{\"@id\":\"https:\/\/alibilalbayrak.com\/#\/schema\/person\/image\/\"},\"description\":\"2019 y\u0131l\u0131nda istanbul kadik\u00f6y lisesinden mezun oldum. \u00dcsk\u00fcdar \u00fcniversitesinde perf\u00fczyon lisans b\u00f6l\u00fcm\u00fcne girerek e\u011fitim hayat\u0131ma devam ettim. Ayn\u0131 senenin sonunda \u00e7ap yapma hakk\u0131 kazanarak anestezi \u00f6nlisans e\u011fitimine ba\u015flad\u0131m. Ortaokul y\u0131llar\u0131ndan beri bili\u015fim sekt\u00f6r\u00fcnde \u00e7al\u0131\u015fmaya dair bir hevesim vard\u0131. Kendimi bamba\u015fka bir alanda uzmanla\u015f\u0131rken bulsam da, amat\u00f6r olarak ilgilenmeye devam ettim. \u00c7evrimi\u00e7i Photoshop ve web design e\u011fitimi ald\u0131m. Donan\u0131m cihazlar\u0131 hakk\u0131nda okuyup ara\u015ft\u0131rd\u0131m. Bunun haricinde ekonomi, insan davran\u0131\u015flar\u0131, antropoloji,psikoloji ve felsefe ile ilgileniyorum.\",\"sameAs\":[\"https:\/\/alibilalbayrak.com\",\"https:\/\/www.instagram.com\/bayrakalibilal\/\",\"https:\/\/www.linkedin.com\/in\/alibilalbayrak\/\",\"https:\/\/x.com\/https:\/\/twitter.com\/Bayrakalibilal\"]}]}<\/script>\n<!-- \/ Yoast SEO plugin. -->","yoast_head_json":{"title":"Projeler - Ali Bilal Bayrak","robots":{"index":"index","follow":"follow","max-snippet":"max-snippet:-1","max-image-preview":"max-image-preview:large","max-video-preview":"max-video-preview:-1"},"canonical":"https:\/\/alibilalbayrak.com\/index.php\/projeler\/","og_locale":"tr_TR","og_type":"article","og_title":"Projeler - Ali Bilal Bayrak","og_url":"https:\/\/alibilalbayrak.com\/index.php\/projeler\/","og_site_name":"Ali Bilal Bayrak","article_modified_time":"2022-12-09T23:00:07+00:00","twitter_card":"summary_large_image","twitter_site":"@Bayrakalibilal","schema":{"@context":"https:\/\/schema.org","@graph":[{"@type":"WebPage","@id":"https:\/\/alibilalbayrak.com\/index.php\/projeler\/","url":"https:\/\/alibilalbayrak.com\/index.php\/projeler\/","name":"Projeler - Ali Bilal Bayrak","isPartOf":{"@id":"https:\/\/alibilalbayrak.com\/#website"},"datePublished":"2022-10-02T15:54:07+00:00","dateModified":"2022-12-09T23:00:07+00:00","breadcrumb":{"@id":"https:\/\/alibilalbayrak.com\/index.php\/projeler\/#breadcrumb"},"inLanguage":"tr","potentialAction":[{"@type":"ReadAction","target":["https:\/\/alibilalbayrak.com\/index.php\/projeler\/"]}]},{"@type":"BreadcrumbList","@id":"https:\/\/alibilalbayrak.com\/index.php\/projeler\/#breadcrumb","itemListElement":[{"@type":"ListItem","position":1,"name":"Anasayfa","item":"https:\/\/alibilalbayrak.com\/"},{"@type":"ListItem","position":2,"name":"Projeler"}]},{"@type":"WebSite","@id":"https:\/\/alibilalbayrak.com\/#website","url":"https:\/\/alibilalbayrak.com\/","name":"Ali Bilal Bayrak","description":"zat-\u0131 muhterem&#039;in kafas\u0131n\u0131n i\u00e7i","publisher":{"@id":"https:\/\/alibilalbayrak.com\/#\/schema\/person\/20032d0a1480fccd04d97d33f3ce34fa"},"potentialAction":[{"@type":"SearchAction","target":{"@type":"EntryPoint","urlTemplate":"https:\/\/alibilalbayrak.com\/?s={search_term_string}"},"query-input":"required name=search_term_string"}],"inLanguage":"tr"},{"@type":["Person","Organization"],"@id":"https:\/\/alibilalbayrak.com\/#\/schema\/person\/20032d0a1480fccd04d97d33f3ce34fa","name":"alibilalbayrak","image":{"@type":"ImageObject","inLanguage":"tr","@id":"https:\/\/alibilalbayrak.com\/#\/schema\/person\/image\/","url":"https:\/\/i0.wp.com\/alibilalbayrak.com\/wp-content\/uploads\/2022\/10\/ABB-1-1.png?fit=1080%2C1080&ssl=1","contentUrl":"https:\/\/i0.wp.com\/alibilalbayrak.com\/wp-content\/uploads\/2022\/10\/ABB-1-1.png?fit=1080%2C1080&ssl=1","width":1080,"height":1080,"caption":"alibilalbayrak"},"logo":{"@id":"https:\/\/alibilalbayrak.com\/#\/schema\/person\/image\/"},"description":"2019 y\u0131l\u0131nda istanbul kadik\u00f6y lisesinden mezun oldum. \u00dcsk\u00fcdar \u00fcniversitesinde perf\u00fczyon lisans b\u00f6l\u00fcm\u00fcne girerek e\u011fitim hayat\u0131ma devam ettim. Ayn\u0131 senenin sonunda \u00e7ap yapma hakk\u0131 kazanarak anestezi \u00f6nlisans e\u011fitimine ba\u015flad\u0131m. Ortaokul y\u0131llar\u0131ndan beri bili\u015fim sekt\u00f6r\u00fcnde \u00e7al\u0131\u015fmaya dair bir hevesim vard\u0131. Kendimi bamba\u015fka bir alanda uzmanla\u015f\u0131rken bulsam da, amat\u00f6r olarak ilgilenmeye devam ettim. \u00c7evrimi\u00e7i Photoshop ve web design e\u011fitimi ald\u0131m. Donan\u0131m cihazlar\u0131 hakk\u0131nda okuyup ara\u015ft\u0131rd\u0131m. Bunun haricinde ekonomi, insan davran\u0131\u015flar\u0131, antropoloji,psikoloji ve felsefe ile ilgileniyorum.","sameAs":["https:\/\/alibilalbayrak.com","https:\/\/www.instagram.com\/bayrakalibilal\/","https:\/\/www.linkedin.com\/in\/alibilalbayrak\/","https:\/\/x.com\/https:\/\/twitter.com\/Bayrakalibilal"]}]}},"jetpack_sharing_enabled":true,"_links":{"self":[{"href":"https:\/\/alibilalbayrak.com\/index.php\/wp-json\/wp\/v2\/pages\/134","targetHints":{"allow":["GET"]}}],"collection":[{"href":"https:\/\/alibilalbayrak.com\/index.php\/wp-json\/wp\/v2\/pages"}],"about":[{"href":"https:\/\/alibilalbayrak.com\/index.php\/wp-json\/wp\/v2\/types\/page"}],"author":[{"embeddable":true,"href":"https:\/\/alibilalbayrak.com\/index.php\/wp-json\/wp\/v2\/users\/1"}],"replies":[{"embeddable":true,"href":"https:\/\/alibilalbayrak.com\/index.php\/wp-json\/wp\/v2\/comments?post=134"}],"version-history":[{"count":7,"href":"https:\/\/alibilalbayrak.com\/index.php\/wp-json\/wp\/v2\/pages\/134\/revisions"}],"predecessor-version":[{"id":397,"href":"https:\/\/alibilalbayrak.com\/index.php\/wp-json\/wp\/v2\/pages\/134\/revisions\/397"}],"wp:attachment":[{"href":"https:\/\/alibilalbayrak.com\/index.php\/wp-json\/wp\/v2\/media?parent=134"}],"curies":[{"name":"wp","href":"https:\/\/api.w.org\/{rel}","templated":true}]}}