{"id":124,"date":"2022-10-02T14:32:34","date_gmt":"2022-10-02T11:32:34","guid":{"rendered":"https:\/\/alibilalbayrak.com\/?page_id=124"},"modified":"2025-08-20T17:45:03","modified_gmt":"2025-08-20T14:45:03","slug":"yazilar","status":"publish","type":"page","link":"https:\/\/alibilalbayrak.com\/index.php\/yazilar\/","title":{"rendered":"Yaz\u0131lar"},"content":{"rendered":"\n<div class=\"wp-block-query is-layout-flow wp-block-query-is-layout-flow\">\n\n  <ul class=\"wp-block-post-template is-layout-flow wp-block-post-template-is-layout-flow\"><li class=\"wp-block-post post-531 post type-post status-publish format-standard hentry category-yazilar\">\n  \n  <div class=\"wp-block-group is-layout-flow wp-block-group-is-layout-flow\" style=\"padding:30px;\">\n    <h2 class=\"wp-block-post-title\"><a href=\"https:\/\/alibilalbayrak.com\/index.php\/2026\/03\/17\/app-time-schedule\/\" target=\"_self\" >APP-Time schedule<\/a><\/h2>\n    <div class=\"wp-block-post-excerpt\"><p class=\"wp-block-post-excerpt__excerpt\">Windows bilgisayar i\u00e7in tasarlanm\u0131\u015f sistemi kapatma zamanlay\u0131c\u0131s\u0131 <\/p><\/div>\n    <div class=\"wp-block-post-date flex\"><svg class=\"icon icon-calendar\" aria-hidden=\"true\" role=\"img\"> <use href=\"#icon-calendar\" xlink:href=\"#icon-calendar\"><\/use> <\/svg><time datetime=\"2026-03-17T01:59:20+03:00\">17 Mart 2026<\/time><\/div>\n  <\/div>\n  \n  <\/li><li class=\"wp-block-post post-529 post type-post status-publish format-standard hentry category-yazilar\">\n  \n  <div class=\"wp-block-group is-layout-flow wp-block-group-is-layout-flow\" style=\"padding:30px;\">\n    <h2 class=\"wp-block-post-title\"><a href=\"https:\/\/alibilalbayrak.com\/index.php\/2026\/02\/08\/ozlemek-hakkinda\/\" target=\"_self\" >\u00d6zlemek Hakk\u0131nda<\/a><\/h2>\n    <div class=\"wp-block-post-excerpt\"><p class=\"wp-block-post-excerpt__excerpt\">Bazen neyi \u00f6zledi\u011fini bilmeden bir \u015feyleri \u00f6zlersin. Ya\u015fananlar olur bazen, bazen de ya\u015fanabilecekler. Orada tak\u0131l\u0131p kalmak yanl\u0131\u015f olur belki ama do\u011fruyla i\u015fin olmaz her zaman. Kalbin oldu\u011fu yerde gurur ve kibir olmaz. Mant\u0131k zaten olmamal\u0131d\u0131r. \u00d6zlemek, biraz da ne istedi\u011fini bilememektir. \u00c7\u00fcnk\u00fc \u00f6zlemek, kavu\u015fabilme ihtimalini i\u00e7inde ta\u015f\u0131r. Bu ihtimal; umursamamakla, yan\u0131nda istemek aras\u0131nda iki u\u00e7ta&hellip; <\/p><\/div>\n    <div class=\"wp-block-post-date flex\"><svg class=\"icon icon-calendar\" aria-hidden=\"true\" role=\"img\"> <use href=\"#icon-calendar\" xlink:href=\"#icon-calendar\"><\/use> <\/svg><time datetime=\"2026-02-08T06:03:06+03:00\">8 \u015eubat 2026<\/time><\/div>\n  <\/div>\n  \n  <\/li><li class=\"wp-block-post post-525 post type-post status-publish format-standard hentry category-yazilar\">\n  \n  <div class=\"wp-block-group is-layout-flow wp-block-group-is-layout-flow\" style=\"padding:30px;\">\n    <h2 class=\"wp-block-post-title\"><a href=\"https:\/\/alibilalbayrak.com\/index.php\/2026\/01\/26\/pazar-sancilari-iii\/\" target=\"_self\" >Pazar sanc\u0131lar\u0131 III<\/a><\/h2>\n    <div class=\"wp-block-post-excerpt\"><p class=\"wp-block-post-excerpt__excerpt\">Gecenin nemi d\u00fc\u015fm\u00fc\u015f g\u00f6zlerime. Biraz durup nefes almaya, d\u00fc\u015f\u00fcnmeye f\u0131rsat buldum bu hafta. Ke\u015fke bulamasayd\u0131m; i\u015fler, evraklar, gidilecek yerler \u00fcst \u00fcste birikseydi de zihnim oradan oraya ko\u015ftururken yorulsayd\u0131. D\u00fc\u015f\u00fcnmeye f\u0131rsat bulamadan uykuya dalsayd\u0131 ke\u015fke. Ne yap\u0131yorum, ne ya\u015f\u0131yorum, neyle tutunuyorum hayata, nereye gidiyorum, neye varaca\u011f\u0131m? Neyi kaybettim, ne kazand\u0131m. Neyi yitirdim, ne kald\u0131 benimle? O&hellip; <\/p><\/div>\n    <div class=\"wp-block-post-date flex\"><svg class=\"icon icon-calendar\" aria-hidden=\"true\" role=\"img\"> <use href=\"#icon-calendar\" xlink:href=\"#icon-calendar\"><\/use> <\/svg><time datetime=\"2026-01-26T01:34:47+03:00\">26 Ocak 2026<\/time><\/div>\n  <\/div>\n  \n  <\/li><li class=\"wp-block-post post-515 post type-post status-publish format-standard hentry category-yazilar\">\n  \n  <div class=\"wp-block-group is-layout-flow wp-block-group-is-layout-flow\" style=\"padding:30px;\">\n    <h2 class=\"wp-block-post-title\"><a href=\"https:\/\/alibilalbayrak.com\/index.php\/2026\/01\/19\/kule\/\" target=\"_self\" >Pazar XVIII.I<\/a><\/h2>\n    <div class=\"wp-block-post-excerpt\"><p class=\"wp-block-post-excerpt__excerpt\">kule yaln\u0131z, hikaye tan\u0131d\u0131k\u2026 Ard\u0131 ard\u0131na yazmak hi\u00e7 hayra alamet de\u011fil\u2026 G\u00fczel birka\u00e7 c\u00fcmle kural\u0131 \u00e7ok olmam\u0131\u015ft\u0131 oysa; hepsi bo\u011faz\u0131mda d\u00fc\u011f\u00fcmlendi. Sanki hayalini kurup \u00f6zenle \u00e7izdi\u011fin o resim, daha boyas\u0131 kurumadan tozlu bir rafa kald\u0131r\u0131lm\u0131\u015f gibi\u2026 Ne kadar da h\u0131zl\u0131 t\u00fcketiyoruz zaman\u0131, Kararlar aceleci, duygular bir anl\u0131k. Sava\u015fmak i\u00e7in silahlara ne gerek? Dilimiz yeterince sivri,&hellip; <\/p><\/div>\n    <div class=\"wp-block-post-date flex\"><svg class=\"icon icon-calendar\" aria-hidden=\"true\" role=\"img\"> <use href=\"#icon-calendar\" xlink:href=\"#icon-calendar\"><\/use> <\/svg><time datetime=\"2026-01-19T02:12:26+03:00\">19 Ocak 2026<\/time><\/div>\n  <\/div>\n  \n  <\/li><li class=\"wp-block-post post-513 post type-post status-publish format-standard hentry category-yazilar\">\n  \n  <div class=\"wp-block-group is-layout-flow wp-block-group-is-layout-flow\" style=\"padding:30px;\">\n    <h2 class=\"wp-block-post-title\"><a href=\"https:\/\/alibilalbayrak.com\/index.php\/2026\/01\/16\/cuma-mesaisi-ii\/\" target=\"_self\" >Cuma mesaisi II<\/a><\/h2>\n    <div class=\"wp-block-post-excerpt\"><p class=\"wp-block-post-excerpt__excerpt\">Baz\u0131 hayal k\u0131r\u0131kl\u0131klar\u0131 vard\u0131r; ba\u011f\u0131rmaz, \u00e7a\u011f\u0131rmaz, s\u0131zlanmaz. Sadece insan\u0131n ruhundan bir par\u00e7ay\u0131 s\u00f6k\u00fcp al\u0131r ve geriye derin, sessiz bir eksilme b\u0131rak\u0131r. Zamanla fark edersin: Daha az beklersin, daha az anlat\u0131rs\u0131n ve en nihayetinde daha az inan\u0131rs\u0131n. Bu bir korunma refleksi de\u011fil, bu &#8220;\u00f6\u011frenilmi\u015f bir kabulleni\u015f&#8221;tir. \u0130stediklerinin ger\u00e7ekle\u015fmemesi can yakmaz asl\u0131nda. As\u0131l yoran, istemenin bile gereksiz&hellip; <\/p><\/div>\n    <div class=\"wp-block-post-date flex\"><svg class=\"icon icon-calendar\" aria-hidden=\"true\" role=\"img\"> <use href=\"#icon-calendar\" xlink:href=\"#icon-calendar\"><\/use> <\/svg><time datetime=\"2026-01-16T00:36:13+03:00\">16 Ocak 2026<\/time><\/div>\n  <\/div>\n  \n  <\/li><li class=\"wp-block-post post-511 post type-post status-publish format-standard hentry category-yazilar\">\n  \n  <div class=\"wp-block-group is-layout-flow wp-block-group-is-layout-flow\" style=\"padding:30px;\">\n    <h2 class=\"wp-block-post-title\"><a href=\"https:\/\/alibilalbayrak.com\/index.php\/2026\/01\/15\/insanin-buyuk-yanilgisi\/\" target=\"_self\" >\u0130nsan\u0131n B\u00fcy\u00fck Yan\u0131lg\u0131s\u0131<\/a><\/h2>\n    <div class=\"wp-block-post-excerpt\"><p class=\"wp-block-post-excerpt__excerpt\">\u0130nsan ne garip\u2026 D\u00fcnyaya g\u00f6zlerini a\u011flayarak a\u00e7ar ama veda ederken g\u00fcl\u00fcp oynayarak gidece\u011fini san\u0131r. Oysa zaman\u0131n \u00e7arklar\u0131 de\u011fi\u015fse de insan\u0131n kaderi de\u011fi\u015fmez. Ne mutluluk sonsuzdur bu hayatta ne de keder kal\u0131c\u0131. Asl\u0131nda t\u00fcm o b\u00fcy\u00fck kavgalar\u0131m\u0131z; bir anl\u0131k zafer, i\u00e7ten bir g\u00fcl\u00fc\u015f ve hepsinden \u00f6te, birazc\u0131k &#8220;sevilmek&#8221; u\u011fruna de\u011fil mi? Sadece sevilmek i\u00e7in ya\u015f\u0131yor, sevilmek&hellip; <\/p><\/div>\n    <div class=\"wp-block-post-date flex\"><svg class=\"icon icon-calendar\" aria-hidden=\"true\" role=\"img\"> <use href=\"#icon-calendar\" xlink:href=\"#icon-calendar\"><\/use> <\/svg><time datetime=\"2026-01-15T00:34:52+03:00\">15 Ocak 2026<\/time><\/div>\n  <\/div>\n  \n  <\/li><\/ul>\n\n  \n  <div class=\"wp-block-group is-content-justification-center is-layout-flex wp-container-core-group-is-layout-660f9ef0 wp-block-group-is-layout-flex\" style=\"margin-top:40px;\">\n\n    <nav class=\"wp-block-query-pagination is-content-justification-center is-layout-flex wp-container-core-query-pagination-is-layout-a89b3969 wp-block-query-pagination-is-layout-flex\" aria-label=\"Sayfalama\">\n      \n      <div class=\"wp-block-query-pagination-numbers\"><span aria-current=\"page\" class=\"page-numbers current\">1<\/span>\n<a class=\"page-numbers\" href=\"?query-14-page=2\">2<\/a>\n<a class=\"page-numbers\" href=\"?query-14-page=3\">3<\/a>\n<span class=\"page-numbers dots\">&hellip;<\/span>\n<a class=\"page-numbers\" href=\"?query-14-page=5\">5<\/a><\/div>\n      <a href=\"\/index.php\/wp-json\/wp\/v2\/pages\/124?query-14-page=2\" class=\"wp-block-query-pagination-next\">Sonraki \u00bb<\/a>\n    <\/nav>\n\n  <\/div>\n  \n\n<\/div>\n\n","protected":false},"excerpt":{"rendered":"","protected":false},"author":1,"featured_media":0,"parent":0,"menu_order":0,"comment_status":"closed","ping_status":"closed","template":"","meta":{"footnotes":""},"class_list":["post-124","page","type-page","status-publish","hentry"],"yoast_head":"<!-- This site is optimized with the Yoast SEO plugin v22.8 - https:\/\/yoast.com\/wordpress\/plugins\/seo\/ -->\n<title>Yaz\u0131lar - Ali Bilal Bayrak<\/title>\n<meta name=\"robots\" content=\"index, follow, max-snippet:-1, max-image-preview:large, max-video-preview:-1\" \/>\n<link rel=\"canonical\" href=\"https:\/\/alibilalbayrak.com\/index.php\/yazilar\/\" \/>\n<link rel=\"next\" href=\"https:\/\/alibilalbayrak.com\/index.php\/yazilar\/index.php\/wp-json\/wp\/v2\/pages\/124?query-14-page=2\" \/>\n<meta property=\"og:locale\" content=\"tr_TR\" \/>\n<meta property=\"og:type\" content=\"article\" \/>\n<meta property=\"og:title\" content=\"Yaz\u0131lar - Ali Bilal Bayrak\" \/>\n<meta property=\"og:url\" content=\"https:\/\/alibilalbayrak.com\/index.php\/yazilar\/\" \/>\n<meta property=\"og:site_name\" content=\"Ali Bilal Bayrak\" \/>\n<meta property=\"article:modified_time\" content=\"2025-08-20T14:45:03+00:00\" \/>\n<meta name=\"twitter:card\" content=\"summary_large_image\" \/>\n<meta name=\"twitter:site\" content=\"@Bayrakalibilal\" \/>\n<script type=\"application\/ld+json\" class=\"yoast-schema-graph\">{\"@context\":\"https:\/\/schema.org\",\"@graph\":[{\"@type\":\"WebPage\",\"@id\":\"https:\/\/alibilalbayrak.com\/index.php\/yazilar\/\",\"url\":\"https:\/\/alibilalbayrak.com\/index.php\/yazilar\/\",\"name\":\"Yaz\u0131lar - Ali Bilal Bayrak\",\"isPartOf\":{\"@id\":\"https:\/\/alibilalbayrak.com\/#website\"},\"datePublished\":\"2022-10-02T11:32:34+00:00\",\"dateModified\":\"2025-08-20T14:45:03+00:00\",\"breadcrumb\":{\"@id\":\"https:\/\/alibilalbayrak.com\/index.php\/yazilar\/#breadcrumb\"},\"inLanguage\":\"tr\",\"potentialAction\":[{\"@type\":\"ReadAction\",\"target\":[\"https:\/\/alibilalbayrak.com\/index.php\/yazilar\/\"]}]},{\"@type\":\"BreadcrumbList\",\"@id\":\"https:\/\/alibilalbayrak.com\/index.php\/yazilar\/#breadcrumb\",\"itemListElement\":[{\"@type\":\"ListItem\",\"position\":1,\"name\":\"Anasayfa\",\"item\":\"https:\/\/alibilalbayrak.com\/\"},{\"@type\":\"ListItem\",\"position\":2,\"name\":\"Yaz\u0131lar\"}]},{\"@type\":\"WebSite\",\"@id\":\"https:\/\/alibilalbayrak.com\/#website\",\"url\":\"https:\/\/alibilalbayrak.com\/\",\"name\":\"Ali Bilal Bayrak\",\"description\":\"zat-\u0131 muhterem&#039;in kafas\u0131n\u0131n i\u00e7i\",\"publisher\":{\"@id\":\"https:\/\/alibilalbayrak.com\/#\/schema\/person\/20032d0a1480fccd04d97d33f3ce34fa\"},\"potentialAction\":[{\"@type\":\"SearchAction\",\"target\":{\"@type\":\"EntryPoint\",\"urlTemplate\":\"https:\/\/alibilalbayrak.com\/?s={search_term_string}\"},\"query-input\":\"required name=search_term_string\"}],\"inLanguage\":\"tr\"},{\"@type\":[\"Person\",\"Organization\"],\"@id\":\"https:\/\/alibilalbayrak.com\/#\/schema\/person\/20032d0a1480fccd04d97d33f3ce34fa\",\"name\":\"alibilalbayrak\",\"image\":{\"@type\":\"ImageObject\",\"inLanguage\":\"tr\",\"@id\":\"https:\/\/alibilalbayrak.com\/#\/schema\/person\/image\/\",\"url\":\"https:\/\/i0.wp.com\/alibilalbayrak.com\/wp-content\/uploads\/2022\/10\/ABB-1-1.png?fit=1080%2C1080&ssl=1\",\"contentUrl\":\"https:\/\/i0.wp.com\/alibilalbayrak.com\/wp-content\/uploads\/2022\/10\/ABB-1-1.png?fit=1080%2C1080&ssl=1\",\"width\":1080,\"height\":1080,\"caption\":\"alibilalbayrak\"},\"logo\":{\"@id\":\"https:\/\/alibilalbayrak.com\/#\/schema\/person\/image\/\"},\"description\":\"2019 y\u0131l\u0131nda istanbul kadik\u00f6y lisesinden mezun oldum. \u00dcsk\u00fcdar \u00fcniversitesinde perf\u00fczyon lisans b\u00f6l\u00fcm\u00fcne girerek e\u011fitim hayat\u0131ma devam ettim. Ayn\u0131 senenin sonunda \u00e7ap yapma hakk\u0131 kazanarak anestezi \u00f6nlisans e\u011fitimine ba\u015flad\u0131m. Ortaokul y\u0131llar\u0131ndan beri bili\u015fim sekt\u00f6r\u00fcnde \u00e7al\u0131\u015fmaya dair bir hevesim vard\u0131. Kendimi bamba\u015fka bir alanda uzmanla\u015f\u0131rken bulsam da, amat\u00f6r olarak ilgilenmeye devam ettim. \u00c7evrimi\u00e7i Photoshop ve web design e\u011fitimi ald\u0131m. Donan\u0131m cihazlar\u0131 hakk\u0131nda okuyup ara\u015ft\u0131rd\u0131m. Bunun haricinde ekonomi, insan davran\u0131\u015flar\u0131, antropoloji,psikoloji ve felsefe ile ilgileniyorum.\",\"sameAs\":[\"https:\/\/alibilalbayrak.com\",\"https:\/\/www.instagram.com\/bayrakalibilal\/\",\"https:\/\/www.linkedin.com\/in\/alibilalbayrak\/\",\"https:\/\/x.com\/https:\/\/twitter.com\/Bayrakalibilal\"]}]}<\/script>\n<!-- \/ Yoast SEO plugin. -->","yoast_head_json":{"title":"Yaz\u0131lar - Ali Bilal Bayrak","robots":{"index":"index","follow":"follow","max-snippet":"max-snippet:-1","max-image-preview":"max-image-preview:large","max-video-preview":"max-video-preview:-1"},"canonical":"https:\/\/alibilalbayrak.com\/index.php\/yazilar\/","next":"https:\/\/alibilalbayrak.com\/index.php\/yazilar\/index.php\/wp-json\/wp\/v2\/pages\/124?query-14-page=2","og_locale":"tr_TR","og_type":"article","og_title":"Yaz\u0131lar - Ali Bilal Bayrak","og_url":"https:\/\/alibilalbayrak.com\/index.php\/yazilar\/","og_site_name":"Ali Bilal Bayrak","article_modified_time":"2025-08-20T14:45:03+00:00","twitter_card":"summary_large_image","twitter_site":"@Bayrakalibilal","schema":{"@context":"https:\/\/schema.org","@graph":[{"@type":"WebPage","@id":"https:\/\/alibilalbayrak.com\/index.php\/yazilar\/","url":"https:\/\/alibilalbayrak.com\/index.php\/yazilar\/","name":"Yaz\u0131lar - Ali Bilal Bayrak","isPartOf":{"@id":"https:\/\/alibilalbayrak.com\/#website"},"datePublished":"2022-10-02T11:32:34+00:00","dateModified":"2025-08-20T14:45:03+00:00","breadcrumb":{"@id":"https:\/\/alibilalbayrak.com\/index.php\/yazilar\/#breadcrumb"},"inLanguage":"tr","potentialAction":[{"@type":"ReadAction","target":["https:\/\/alibilalbayrak.com\/index.php\/yazilar\/"]}]},{"@type":"BreadcrumbList","@id":"https:\/\/alibilalbayrak.com\/index.php\/yazilar\/#breadcrumb","itemListElement":[{"@type":"ListItem","position":1,"name":"Anasayfa","item":"https:\/\/alibilalbayrak.com\/"},{"@type":"ListItem","position":2,"name":"Yaz\u0131lar"}]},{"@type":"WebSite","@id":"https:\/\/alibilalbayrak.com\/#website","url":"https:\/\/alibilalbayrak.com\/","name":"Ali Bilal Bayrak","description":"zat-\u0131 muhterem&#039;in kafas\u0131n\u0131n i\u00e7i","publisher":{"@id":"https:\/\/alibilalbayrak.com\/#\/schema\/person\/20032d0a1480fccd04d97d33f3ce34fa"},"potentialAction":[{"@type":"SearchAction","target":{"@type":"EntryPoint","urlTemplate":"https:\/\/alibilalbayrak.com\/?s={search_term_string}"},"query-input":"required name=search_term_string"}],"inLanguage":"tr"},{"@type":["Person","Organization"],"@id":"https:\/\/alibilalbayrak.com\/#\/schema\/person\/20032d0a1480fccd04d97d33f3ce34fa","name":"alibilalbayrak","image":{"@type":"ImageObject","inLanguage":"tr","@id":"https:\/\/alibilalbayrak.com\/#\/schema\/person\/image\/","url":"https:\/\/i0.wp.com\/alibilalbayrak.com\/wp-content\/uploads\/2022\/10\/ABB-1-1.png?fit=1080%2C1080&ssl=1","contentUrl":"https:\/\/i0.wp.com\/alibilalbayrak.com\/wp-content\/uploads\/2022\/10\/ABB-1-1.png?fit=1080%2C1080&ssl=1","width":1080,"height":1080,"caption":"alibilalbayrak"},"logo":{"@id":"https:\/\/alibilalbayrak.com\/#\/schema\/person\/image\/"},"description":"2019 y\u0131l\u0131nda istanbul kadik\u00f6y lisesinden mezun oldum. \u00dcsk\u00fcdar \u00fcniversitesinde perf\u00fczyon lisans b\u00f6l\u00fcm\u00fcne girerek e\u011fitim hayat\u0131ma devam ettim. Ayn\u0131 senenin sonunda \u00e7ap yapma hakk\u0131 kazanarak anestezi \u00f6nlisans e\u011fitimine ba\u015flad\u0131m. Ortaokul y\u0131llar\u0131ndan beri bili\u015fim sekt\u00f6r\u00fcnde \u00e7al\u0131\u015fmaya dair bir hevesim vard\u0131. Kendimi bamba\u015fka bir alanda uzmanla\u015f\u0131rken bulsam da, amat\u00f6r olarak ilgilenmeye devam ettim. \u00c7evrimi\u00e7i Photoshop ve web design e\u011fitimi ald\u0131m. Donan\u0131m cihazlar\u0131 hakk\u0131nda okuyup ara\u015ft\u0131rd\u0131m. Bunun haricinde ekonomi, insan davran\u0131\u015flar\u0131, antropoloji,psikoloji ve felsefe ile ilgileniyorum.","sameAs":["https:\/\/alibilalbayrak.com","https:\/\/www.instagram.com\/bayrakalibilal\/","https:\/\/www.linkedin.com\/in\/alibilalbayrak\/","https:\/\/x.com\/https:\/\/twitter.com\/Bayrakalibilal"]}]}},"jetpack_sharing_enabled":true,"_links":{"self":[{"href":"https:\/\/alibilalbayrak.com\/index.php\/wp-json\/wp\/v2\/pages\/124","targetHints":{"allow":["GET"]}}],"collection":[{"href":"https:\/\/alibilalbayrak.com\/index.php\/wp-json\/wp\/v2\/pages"}],"about":[{"href":"https:\/\/alibilalbayrak.com\/index.php\/wp-json\/wp\/v2\/types\/page"}],"author":[{"embeddable":true,"href":"https:\/\/alibilalbayrak.com\/index.php\/wp-json\/wp\/v2\/users\/1"}],"replies":[{"embeddable":true,"href":"https:\/\/alibilalbayrak.com\/index.php\/wp-json\/wp\/v2\/comments?post=124"}],"version-history":[{"count":7,"href":"https:\/\/alibilalbayrak.com\/index.php\/wp-json\/wp\/v2\/pages\/124\/revisions"}],"predecessor-version":[{"id":478,"href":"https:\/\/alibilalbayrak.com\/index.php\/wp-json\/wp\/v2\/pages\/124\/revisions\/478"}],"wp:attachment":[{"href":"https:\/\/alibilalbayrak.com\/index.php\/wp-json\/wp\/v2\/media?parent=124"}],"curies":[{"name":"wp","href":"https:\/\/api.w.org\/{rel}","templated":true}]}}