{"id":103,"date":"2022-10-02T12:21:36","date_gmt":"2022-10-02T09:21:36","guid":{"rendered":"https:\/\/alibilalbayrak.com\/?page_id=103"},"modified":"2022-10-02T14:25:08","modified_gmt":"2022-10-02T11:25:08","slug":"iletisim","status":"publish","type":"page","link":"https:\/\/alibilalbayrak.com\/index.php\/iletisim\/","title":{"rendered":"\u0130leti\u015fim"},"content":{"rendered":"\n<div class=\"wp-block-group is-content-justification-left is-nowrap is-layout-flex wp-container-core-group-is-layout-fc9f69e7 wp-block-group-is-layout-flex\">\n<div class=\"wp-block-columns is-layout-flex wp-container-core-columns-is-layout-28f84493 wp-block-columns-is-layout-flex\">\n<div class=\"wp-block-column is-layout-flow wp-block-column-is-layout-flow\" style=\"flex-basis:100%\">\n<div class=\"wp-block-columns is-layout-flex wp-container-core-columns-is-layout-28f84493 wp-block-columns-is-layout-flex\">\n<div class=\"wp-block-column is-layout-flow wp-block-column-is-layout-flow\" style=\"flex-basis:100%\">\n<div class=\"wp-block-group is-layout-flow wp-block-group-is-layout-flow\">\n<ul class=\"wp-block-social-links has-large-icon-size has-icon-color is-layout-flex wp-block-social-links-is-layout-flex\"><li style=\"color:#cf2e2e;\" class=\"wp-social-link wp-social-link-google has-vivid-red-color wp-block-social-link\"><a href=\"mailto:alibilalbayrakwork@gmail.com\" class=\"wp-block-social-link-anchor\"><svg width=\"24\" height=\"24\" viewBox=\"0 0 24 24\" version=\"1.1\" xmlns=\"http:\/\/www.w3.org\/2000\/svg\" aria-hidden=\"true\" focusable=\"false\"><path d=\"M12.02,10.18v3.72v0.01h5.51c-0.26,1.57-1.67,4.22-5.5,4.22c-3.31,0-6.01-2.75-6.01-6.12s2.7-6.12,6.01-6.12 c1.87,0,3.13,0.8,3.85,1.48l2.84-2.76C16.99,2.99,14.73,2,12.03,2c-5.52,0-10,4.48-10,10s4.48,10,10,10c5.77,0,9.6-4.06,9.6-9.77 c0-0.83-0.11-1.42-0.25-2.05H12.02z\"><\/path><\/svg><span class=\"wp-block-social-link-label screen-reader-text\">Google<\/span><\/a><\/li><\/ul>\n<\/div>\n<\/div>\n<\/div>\n<\/div>\n<\/div>\n\n\n\n<p>alibilalbayrakwork@gmail.com<\/p>\n<\/div>\n\n\n\n<div class=\"wp-block-group is-content-justification-left is-nowrap is-layout-flex wp-container-core-group-is-layout-fc9f69e7 wp-block-group-is-layout-flex\">\n<ul class=\"wp-block-social-links has-large-icon-size has-icon-color is-layout-flex wp-block-social-links-is-layout-flex\"><li style=\"color:#cf2e2e;\" class=\"wp-social-link wp-social-link-instagram has-vivid-red-color wp-block-social-link\"><a href=\"https:\/\/www.instagram.com\/bayrakalibilal\/\" class=\"wp-block-social-link-anchor\"><svg width=\"24\" height=\"24\" viewBox=\"0 0 24 24\" version=\"1.1\" xmlns=\"http:\/\/www.w3.org\/2000\/svg\" aria-hidden=\"true\" focusable=\"false\"><path d=\"M12,4.622c2.403,0,2.688,0.009,3.637,0.052c0.877,0.04,1.354,0.187,1.671,0.31c0.42,0.163,0.72,0.358,1.035,0.673 c0.315,0.315,0.51,0.615,0.673,1.035c0.123,0.317,0.27,0.794,0.31,1.671c0.043,0.949,0.052,1.234,0.052,3.637 s-0.009,2.688-0.052,3.637c-0.04,0.877-0.187,1.354-0.31,1.671c-0.163,0.42-0.358,0.72-0.673,1.035 c-0.315,0.315-0.615,0.51-1.035,0.673c-0.317,0.123-0.794,0.27-1.671,0.31c-0.949,0.043-1.233,0.052-3.637,0.052 s-2.688-0.009-3.637-0.052c-0.877-0.04-1.354-0.187-1.671-0.31c-0.42-0.163-0.72-0.358-1.035-0.673 c-0.315-0.315-0.51-0.615-0.673-1.035c-0.123-0.317-0.27-0.794-0.31-1.671C4.631,14.688,4.622,14.403,4.622,12 s0.009-2.688,0.052-3.637c0.04-0.877,0.187-1.354,0.31-1.671c0.163-0.42,0.358-0.72,0.673-1.035 c0.315-0.315,0.615-0.51,1.035-0.673c0.317-0.123,0.794-0.27,1.671-0.31C9.312,4.631,9.597,4.622,12,4.622 M12,3 C9.556,3,9.249,3.01,8.289,3.054C7.331,3.098,6.677,3.25,6.105,3.472C5.513,3.702,5.011,4.01,4.511,4.511 c-0.5,0.5-0.808,1.002-1.038,1.594C3.25,6.677,3.098,7.331,3.054,8.289C3.01,9.249,3,9.556,3,12c0,2.444,0.01,2.751,0.054,3.711 c0.044,0.958,0.196,1.612,0.418,2.185c0.23,0.592,0.538,1.094,1.038,1.594c0.5,0.5,1.002,0.808,1.594,1.038 c0.572,0.222,1.227,0.375,2.185,0.418C9.249,20.99,9.556,21,12,21s2.751-0.01,3.711-0.054c0.958-0.044,1.612-0.196,2.185-0.418 c0.592-0.23,1.094-0.538,1.594-1.038c0.5-0.5,0.808-1.002,1.038-1.594c0.222-0.572,0.375-1.227,0.418-2.185 C20.99,14.751,21,14.444,21,12s-0.01-2.751-0.054-3.711c-0.044-0.958-0.196-1.612-0.418-2.185c-0.23-0.592-0.538-1.094-1.038-1.594 c-0.5-0.5-1.002-0.808-1.594-1.038c-0.572-0.222-1.227-0.375-2.185-0.418C14.751,3.01,14.444,3,12,3L12,3z M12,7.378 c-2.552,0-4.622,2.069-4.622,4.622S9.448,16.622,12,16.622s4.622-2.069,4.622-4.622S14.552,7.378,12,7.378z M12,15 c-1.657,0-3-1.343-3-3s1.343-3,3-3s3,1.343,3,3S13.657,15,12,15z M16.804,6.116c-0.596,0-1.08,0.484-1.08,1.08 s0.484,1.08,1.08,1.08c0.596,0,1.08-0.484,1.08-1.08S17.401,6.116,16.804,6.116z\"><\/path><\/svg><span class=\"wp-block-social-link-label screen-reader-text\">Instagram<\/span><\/a><\/li><\/ul>\n\n\n\n<p>@bayrakalibilal<\/p>\n<\/div>\n\n\n\n<div class=\"wp-block-group is-content-justification-left is-nowrap is-layout-flex wp-container-core-group-is-layout-fc9f69e7 wp-block-group-is-layout-flex\">\n<ul class=\"wp-block-social-links has-large-icon-size has-icon-color is-layout-flex wp-block-social-links-is-layout-flex\"><li style=\"color:#cf2e2e;\" class=\"wp-social-link wp-social-link-twitter has-vivid-red-color wp-block-social-link\"><a href=\"https:\/\/twitter.com\/Bayrakalibilal\" class=\"wp-block-social-link-anchor\"><svg width=\"24\" height=\"24\" viewBox=\"0 0 24 24\" version=\"1.1\" xmlns=\"http:\/\/www.w3.org\/2000\/svg\" aria-hidden=\"true\" focusable=\"false\"><path d=\"M22.23,5.924c-0.736,0.326-1.527,0.547-2.357,0.646c0.847-0.508,1.498-1.312,1.804-2.27 c-0.793,0.47-1.671,0.812-2.606,0.996C18.324,4.498,17.257,4,16.077,4c-2.266,0-4.103,1.837-4.103,4.103 c0,0.322,0.036,0.635,0.106,0.935C8.67,8.867,5.647,7.234,3.623,4.751C3.27,5.357,3.067,6.062,3.067,6.814 c0,1.424,0.724,2.679,1.825,3.415c-0.673-0.021-1.305-0.206-1.859-0.513c0,0.017,0,0.034,0,0.052c0,1.988,1.414,3.647,3.292,4.023 c-0.344,0.094-0.707,0.144-1.081,0.144c-0.264,0-0.521-0.026-0.772-0.074c0.522,1.63,2.038,2.816,3.833,2.85 c-1.404,1.1-3.174,1.756-5.096,1.756c-0.331,0-0.658-0.019-0.979-0.057c1.816,1.164,3.973,1.843,6.29,1.843 c7.547,0,11.675-6.252,11.675-11.675c0-0.178-0.004-0.355-0.012-0.531C20.985,7.47,21.68,6.747,22.23,5.924z\"><\/path><\/svg><span class=\"wp-block-social-link-label screen-reader-text\">Twitter<\/span><\/a><\/li><\/ul>\n\n\n\n<p>@Bayrakalibilal<\/p>\n<\/div>\n\n\n\n<div class=\"wp-block-group is-content-justification-left is-nowrap is-layout-flex wp-container-core-group-is-layout-fc9f69e7 wp-block-group-is-layout-flex\">\n<ul class=\"wp-block-social-links has-large-icon-size has-icon-color is-layout-flex wp-block-social-links-is-layout-flex\"><li style=\"color:#cf2e2e;\" class=\"wp-social-link wp-social-link-linkedin has-vivid-red-color wp-block-social-link\"><a href=\"https:\/\/tr.linkedin.com\/in\/ali-bilal-bayrak-b4391120a\" class=\"wp-block-social-link-anchor\"><svg width=\"24\" height=\"24\" viewBox=\"0 0 24 24\" version=\"1.1\" xmlns=\"http:\/\/www.w3.org\/2000\/svg\" aria-hidden=\"true\" focusable=\"false\"><path d=\"M19.7,3H4.3C3.582,3,3,3.582,3,4.3v15.4C3,20.418,3.582,21,4.3,21h15.4c0.718,0,1.3-0.582,1.3-1.3V4.3 C21,3.582,20.418,3,19.7,3z M8.339,18.338H5.667v-8.59h2.672V18.338z M7.004,8.574c-0.857,0-1.549-0.694-1.549-1.548 c0-0.855,0.691-1.548,1.549-1.548c0.854,0,1.547,0.694,1.547,1.548C8.551,7.881,7.858,8.574,7.004,8.574z M18.339,18.338h-2.669 v-4.177c0-0.996-0.017-2.278-1.387-2.278c-1.389,0-1.601,1.086-1.601,2.206v4.249h-2.667v-8.59h2.559v1.174h0.037 c0.356-0.675,1.227-1.387,2.526-1.387c2.703,0,3.203,1.779,3.203,4.092V18.338z\"><\/path><\/svg><span class=\"wp-block-social-link-label screen-reader-text\">LinkedIn<\/span><\/a><\/li><\/ul>\n\n\n\n<p>www.linkedin.com\/in\/alibilalbayrak<\/p>\n<\/div>\n\n\n\n<div class=\"wpcf7 no-js\" id=\"wpcf7-f113-o1\" lang=\"tr-TR\" dir=\"ltr\">\n<div class=\"screen-reader-response\"><p role=\"status\" aria-live=\"polite\" aria-atomic=\"true\"><\/p> <ul><\/ul><\/div>\n<form action=\"\/index.php\/wp-json\/wp\/v2\/pages\/103#wpcf7-f113-o1\" method=\"post\" class=\"wpcf7-form init\" aria-label=\"\u0130leti\u015fim Formu\" novalidate=\"novalidate\" data-status=\"init\">\n<div style=\"display: none;\">\n<input type=\"hidden\" name=\"_wpcf7\" value=\"113\" \/>\n<input type=\"hidden\" name=\"_wpcf7_version\" value=\"5.9.5\" \/>\n<input type=\"hidden\" name=\"_wpcf7_locale\" value=\"tr_TR\" \/>\n<input type=\"hidden\" name=\"_wpcf7_unit_tag\" value=\"wpcf7-f113-o1\" \/>\n<input type=\"hidden\" name=\"_wpcf7_container_post\" value=\"0\" \/>\n<input type=\"hidden\" name=\"_wpcf7_posted_data_hash\" value=\"\" \/>\n<\/div>\n<p><label> Ad\u0131n\u0131z<br \/>\n<span class=\"wpcf7-form-control-wrap\" data-name=\"your-name\"><input size=\"40\" class=\"wpcf7-form-control wpcf7-text wpcf7-validates-as-required\" aria-required=\"true\" aria-invalid=\"false\" value=\"\" type=\"text\" name=\"your-name\" \/><\/span> <\/label>\n<\/p>\n<p><label> E-posta adresiniz<br \/>\n<span class=\"wpcf7-form-control-wrap\" data-name=\"your-email\"><input size=\"40\" class=\"wpcf7-form-control wpcf7-email wpcf7-validates-as-required wpcf7-text wpcf7-validates-as-email\" aria-required=\"true\" aria-invalid=\"false\" value=\"\" type=\"email\" name=\"your-email\" \/><\/span> <\/label>\n<\/p>\n<p><label> Konu<br \/>\n<span class=\"wpcf7-form-control-wrap\" data-name=\"your-subject\"><input size=\"40\" class=\"wpcf7-form-control wpcf7-text wpcf7-validates-as-required\" aria-required=\"true\" aria-invalid=\"false\" value=\"\" type=\"text\" name=\"your-subject\" \/><\/span> <\/label>\n<\/p>\n<p><label> \u0130letiniz (tercihe ba\u011fl\u0131)<br \/>\n<span class=\"wpcf7-form-control-wrap\" data-name=\"your-message\"><textarea cols=\"40\" rows=\"10\" class=\"wpcf7-form-control wpcf7-textarea\" aria-invalid=\"false\" name=\"your-message\"><\/textarea><\/span> <\/label>\n<\/p>\n<p><input class=\"wpcf7-form-control wpcf7-submit has-spinner\" type=\"submit\" value=\"G\u00f6nder\" \/>\n<\/p><div class=\"wpcf7-response-output\" aria-hidden=\"true\"><\/div>\n<\/form>\n<\/div>\n\n","protected":false},"excerpt":{"rendered":"<p>alibilalbayrakwork@gmail.com @bayrakalibilal @Bayrakalibilal www.linkedin.com\/in\/alibilalbayrak<\/p>\n","protected":false},"author":1,"featured_media":0,"parent":0,"menu_order":0,"comment_status":"closed","ping_status":"closed","template":"","meta":{"footnotes":""},"class_list":["post-103","page","type-page","status-publish","hentry"],"yoast_head":"<!-- This site is optimized with the Yoast SEO plugin v22.8 - https:\/\/yoast.com\/wordpress\/plugins\/seo\/ -->\n<title>\u0130leti\u015fim - Ali Bilal Bayrak<\/title>\n<meta name=\"robots\" content=\"index, follow, max-snippet:-1, max-image-preview:large, max-video-preview:-1\" \/>\n<link rel=\"canonical\" href=\"https:\/\/alibilalbayrak.com\/index.php\/iletisim\/\" \/>\n<meta property=\"og:locale\" content=\"tr_TR\" \/>\n<meta property=\"og:type\" content=\"article\" \/>\n<meta property=\"og:title\" content=\"\u0130leti\u015fim - Ali Bilal Bayrak\" \/>\n<meta property=\"og:description\" content=\"alibilalbayrakwork@gmail.com @bayrakalibilal @Bayrakalibilal www.linkedin.com\/in\/alibilalbayrak\" \/>\n<meta property=\"og:url\" content=\"https:\/\/alibilalbayrak.com\/index.php\/iletisim\/\" \/>\n<meta property=\"og:site_name\" content=\"Ali Bilal Bayrak\" \/>\n<meta property=\"article:modified_time\" content=\"2022-10-02T11:25:08+00:00\" \/>\n<meta name=\"twitter:card\" content=\"summary_large_image\" \/>\n<meta name=\"twitter:site\" content=\"@Bayrakalibilal\" \/>\n<script type=\"application\/ld+json\" class=\"yoast-schema-graph\">{\"@context\":\"https:\/\/schema.org\",\"@graph\":[{\"@type\":\"WebPage\",\"@id\":\"https:\/\/alibilalbayrak.com\/index.php\/iletisim\/\",\"url\":\"https:\/\/alibilalbayrak.com\/index.php\/iletisim\/\",\"name\":\"\u0130leti\u015fim - Ali Bilal Bayrak\",\"isPartOf\":{\"@id\":\"https:\/\/alibilalbayrak.com\/#website\"},\"datePublished\":\"2022-10-02T09:21:36+00:00\",\"dateModified\":\"2022-10-02T11:25:08+00:00\",\"breadcrumb\":{\"@id\":\"https:\/\/alibilalbayrak.com\/index.php\/iletisim\/#breadcrumb\"},\"inLanguage\":\"tr\",\"potentialAction\":[{\"@type\":\"ReadAction\",\"target\":[\"https:\/\/alibilalbayrak.com\/index.php\/iletisim\/\"]}]},{\"@type\":\"BreadcrumbList\",\"@id\":\"https:\/\/alibilalbayrak.com\/index.php\/iletisim\/#breadcrumb\",\"itemListElement\":[{\"@type\":\"ListItem\",\"position\":1,\"name\":\"Anasayfa\",\"item\":\"https:\/\/alibilalbayrak.com\/\"},{\"@type\":\"ListItem\",\"position\":2,\"name\":\"\u0130leti\u015fim\"}]},{\"@type\":\"WebSite\",\"@id\":\"https:\/\/alibilalbayrak.com\/#website\",\"url\":\"https:\/\/alibilalbayrak.com\/\",\"name\":\"Ali Bilal Bayrak\",\"description\":\"zat-\u0131 muhterem&#039;in kafas\u0131n\u0131n i\u00e7i\",\"publisher\":{\"@id\":\"https:\/\/alibilalbayrak.com\/#\/schema\/person\/20032d0a1480fccd04d97d33f3ce34fa\"},\"potentialAction\":[{\"@type\":\"SearchAction\",\"target\":{\"@type\":\"EntryPoint\",\"urlTemplate\":\"https:\/\/alibilalbayrak.com\/?s={search_term_string}\"},\"query-input\":\"required name=search_term_string\"}],\"inLanguage\":\"tr\"},{\"@type\":[\"Person\",\"Organization\"],\"@id\":\"https:\/\/alibilalbayrak.com\/#\/schema\/person\/20032d0a1480fccd04d97d33f3ce34fa\",\"name\":\"alibilalbayrak\",\"image\":{\"@type\":\"ImageObject\",\"inLanguage\":\"tr\",\"@id\":\"https:\/\/alibilalbayrak.com\/#\/schema\/person\/image\/\",\"url\":\"https:\/\/i0.wp.com\/alibilalbayrak.com\/wp-content\/uploads\/2022\/10\/ABB-1-1.png?fit=1080%2C1080&ssl=1\",\"contentUrl\":\"https:\/\/i0.wp.com\/alibilalbayrak.com\/wp-content\/uploads\/2022\/10\/ABB-1-1.png?fit=1080%2C1080&ssl=1\",\"width\":1080,\"height\":1080,\"caption\":\"alibilalbayrak\"},\"logo\":{\"@id\":\"https:\/\/alibilalbayrak.com\/#\/schema\/person\/image\/\"},\"description\":\"2019 y\u0131l\u0131nda istanbul kadik\u00f6y lisesinden mezun oldum. \u00dcsk\u00fcdar \u00fcniversitesinde perf\u00fczyon lisans b\u00f6l\u00fcm\u00fcne girerek e\u011fitim hayat\u0131ma devam ettim. Ayn\u0131 senenin sonunda \u00e7ap yapma hakk\u0131 kazanarak anestezi \u00f6nlisans e\u011fitimine ba\u015flad\u0131m. Ortaokul y\u0131llar\u0131ndan beri bili\u015fim sekt\u00f6r\u00fcnde \u00e7al\u0131\u015fmaya dair bir hevesim vard\u0131. Kendimi bamba\u015fka bir alanda uzmanla\u015f\u0131rken bulsam da, amat\u00f6r olarak ilgilenmeye devam ettim. \u00c7evrimi\u00e7i Photoshop ve web design e\u011fitimi ald\u0131m. Donan\u0131m cihazlar\u0131 hakk\u0131nda okuyup ara\u015ft\u0131rd\u0131m. Bunun haricinde ekonomi, insan davran\u0131\u015flar\u0131, antropoloji,psikoloji ve felsefe ile ilgileniyorum.\",\"sameAs\":[\"https:\/\/alibilalbayrak.com\",\"https:\/\/www.instagram.com\/bayrakalibilal\/\",\"https:\/\/www.linkedin.com\/in\/alibilalbayrak\/\",\"https:\/\/x.com\/https:\/\/twitter.com\/Bayrakalibilal\"]}]}<\/script>\n<!-- \/ Yoast SEO plugin. -->","yoast_head_json":{"title":"\u0130leti\u015fim - Ali Bilal Bayrak","robots":{"index":"index","follow":"follow","max-snippet":"max-snippet:-1","max-image-preview":"max-image-preview:large","max-video-preview":"max-video-preview:-1"},"canonical":"https:\/\/alibilalbayrak.com\/index.php\/iletisim\/","og_locale":"tr_TR","og_type":"article","og_title":"\u0130leti\u015fim - Ali Bilal Bayrak","og_description":"alibilalbayrakwork@gmail.com @bayrakalibilal @Bayrakalibilal www.linkedin.com\/in\/alibilalbayrak","og_url":"https:\/\/alibilalbayrak.com\/index.php\/iletisim\/","og_site_name":"Ali Bilal Bayrak","article_modified_time":"2022-10-02T11:25:08+00:00","twitter_card":"summary_large_image","twitter_site":"@Bayrakalibilal","schema":{"@context":"https:\/\/schema.org","@graph":[{"@type":"WebPage","@id":"https:\/\/alibilalbayrak.com\/index.php\/iletisim\/","url":"https:\/\/alibilalbayrak.com\/index.php\/iletisim\/","name":"\u0130leti\u015fim - Ali Bilal Bayrak","isPartOf":{"@id":"https:\/\/alibilalbayrak.com\/#website"},"datePublished":"2022-10-02T09:21:36+00:00","dateModified":"2022-10-02T11:25:08+00:00","breadcrumb":{"@id":"https:\/\/alibilalbayrak.com\/index.php\/iletisim\/#breadcrumb"},"inLanguage":"tr","potentialAction":[{"@type":"ReadAction","target":["https:\/\/alibilalbayrak.com\/index.php\/iletisim\/"]}]},{"@type":"BreadcrumbList","@id":"https:\/\/alibilalbayrak.com\/index.php\/iletisim\/#breadcrumb","itemListElement":[{"@type":"ListItem","position":1,"name":"Anasayfa","item":"https:\/\/alibilalbayrak.com\/"},{"@type":"ListItem","position":2,"name":"\u0130leti\u015fim"}]},{"@type":"WebSite","@id":"https:\/\/alibilalbayrak.com\/#website","url":"https:\/\/alibilalbayrak.com\/","name":"Ali Bilal Bayrak","description":"zat-\u0131 muhterem&#039;in kafas\u0131n\u0131n i\u00e7i","publisher":{"@id":"https:\/\/alibilalbayrak.com\/#\/schema\/person\/20032d0a1480fccd04d97d33f3ce34fa"},"potentialAction":[{"@type":"SearchAction","target":{"@type":"EntryPoint","urlTemplate":"https:\/\/alibilalbayrak.com\/?s={search_term_string}"},"query-input":"required name=search_term_string"}],"inLanguage":"tr"},{"@type":["Person","Organization"],"@id":"https:\/\/alibilalbayrak.com\/#\/schema\/person\/20032d0a1480fccd04d97d33f3ce34fa","name":"alibilalbayrak","image":{"@type":"ImageObject","inLanguage":"tr","@id":"https:\/\/alibilalbayrak.com\/#\/schema\/person\/image\/","url":"https:\/\/i0.wp.com\/alibilalbayrak.com\/wp-content\/uploads\/2022\/10\/ABB-1-1.png?fit=1080%2C1080&ssl=1","contentUrl":"https:\/\/i0.wp.com\/alibilalbayrak.com\/wp-content\/uploads\/2022\/10\/ABB-1-1.png?fit=1080%2C1080&ssl=1","width":1080,"height":1080,"caption":"alibilalbayrak"},"logo":{"@id":"https:\/\/alibilalbayrak.com\/#\/schema\/person\/image\/"},"description":"2019 y\u0131l\u0131nda istanbul kadik\u00f6y lisesinden mezun oldum. \u00dcsk\u00fcdar \u00fcniversitesinde perf\u00fczyon lisans b\u00f6l\u00fcm\u00fcne girerek e\u011fitim hayat\u0131ma devam ettim. Ayn\u0131 senenin sonunda \u00e7ap yapma hakk\u0131 kazanarak anestezi \u00f6nlisans e\u011fitimine ba\u015flad\u0131m. Ortaokul y\u0131llar\u0131ndan beri bili\u015fim sekt\u00f6r\u00fcnde \u00e7al\u0131\u015fmaya dair bir hevesim vard\u0131. Kendimi bamba\u015fka bir alanda uzmanla\u015f\u0131rken bulsam da, amat\u00f6r olarak ilgilenmeye devam ettim. \u00c7evrimi\u00e7i Photoshop ve web design e\u011fitimi ald\u0131m. Donan\u0131m cihazlar\u0131 hakk\u0131nda okuyup ara\u015ft\u0131rd\u0131m. Bunun haricinde ekonomi, insan davran\u0131\u015flar\u0131, antropoloji,psikoloji ve felsefe ile ilgileniyorum.","sameAs":["https:\/\/alibilalbayrak.com","https:\/\/www.instagram.com\/bayrakalibilal\/","https:\/\/www.linkedin.com\/in\/alibilalbayrak\/","https:\/\/x.com\/https:\/\/twitter.com\/Bayrakalibilal"]}]}},"jetpack_sharing_enabled":true,"_links":{"self":[{"href":"https:\/\/alibilalbayrak.com\/index.php\/wp-json\/wp\/v2\/pages\/103","targetHints":{"allow":["GET"]}}],"collection":[{"href":"https:\/\/alibilalbayrak.com\/index.php\/wp-json\/wp\/v2\/pages"}],"about":[{"href":"https:\/\/alibilalbayrak.com\/index.php\/wp-json\/wp\/v2\/types\/page"}],"author":[{"embeddable":true,"href":"https:\/\/alibilalbayrak.com\/index.php\/wp-json\/wp\/v2\/users\/1"}],"replies":[{"embeddable":true,"href":"https:\/\/alibilalbayrak.com\/index.php\/wp-json\/wp\/v2\/comments?post=103"}],"version-history":[{"count":11,"href":"https:\/\/alibilalbayrak.com\/index.php\/wp-json\/wp\/v2\/pages\/103\/revisions"}],"predecessor-version":[{"id":116,"href":"https:\/\/alibilalbayrak.com\/index.php\/wp-json\/wp\/v2\/pages\/103\/revisions\/116"}],"wp:attachment":[{"href":"https:\/\/alibilalbayrak.com\/index.php\/wp-json\/wp\/v2\/media?parent=103"}],"curies":[{"name":"wp","href":"https:\/\/api.w.org\/{rel}","templated":true}]}}